{"id":1593,"date":"2022-03-23T10:43:26","date_gmt":"2022-03-23T09:43:26","guid":{"rendered":"https:\/\/www.eipas.org\/association\/?page_id=1593"},"modified":"2023-03-27T17:29:30","modified_gmt":"2023-03-27T15:29:30","slug":"entreprises","status":"publish","type":"page","link":"https:\/\/www.eipas.org\/association\/entreprises\/","title":{"rendered":"Entreprises"},"content":{"rendered":"<div id=\"pl-1593\"  class=\"panel-layout\" ><div id=\"pg-1593-0\"  class=\"panel-grid panel-no-style\" ><div id=\"pgc-1593-0-0\"  class=\"panel-grid-cell\" ><div id=\"panel-1593-0-0-0\" class=\"so-panel widget widget_sow-editor panel-first-child panel-last-child\" data-index=\"0\" ><div class=\"so-widget-sow-editor so-widget-sow-editor-base\">\n<div class=\"siteorigin-widget-tinymce textwidget\">\n\t<p><iframe loading=\"lazy\" title=\"Les m\u00e9diations en entreprises, le recours \u00e0 une aide ext\u00e9rieure\" width=\"500\" height=\"375\" src=\"https:\/\/www.youtube.com\/embed\/PJF0Tm8TVWY?feature=oembed\" frameborder=\"0\" allow=\"accelerometer; autoplay; clipboard-write; encrypted-media; gyroscope; picture-in-picture; web-share\" referrerpolicy=\"strict-origin-when-cross-origin\" allowfullscreen><\/iframe><\/p>\n<p>&nbsp;<\/p>\n<\/div>\n<\/div><\/div><\/div><div id=\"pgc-1593-0-1\"  class=\"panel-grid-cell\" ><div id=\"panel-1593-0-1-0\" class=\"so-panel widget widget_sow-editor panel-first-child panel-last-child\" data-index=\"1\" ><div class=\"so-widget-sow-editor so-widget-sow-editor-base\">\n<div class=\"siteorigin-widget-tinymce textwidget\">\n\t<p><iframe loading=\"lazy\" title=\"Les diagnostics RPS, aides pour r\u00e9pondre aux obligations des entreprises\" width=\"500\" height=\"375\" src=\"https:\/\/www.youtube.com\/embed\/74JBpGhJF1M?feature=oembed\" frameborder=\"0\" allow=\"accelerometer; autoplay; clipboard-write; encrypted-media; gyroscope; picture-in-picture; web-share\" referrerpolicy=\"strict-origin-when-cross-origin\" allowfullscreen><\/iframe><\/p>\n<p>&nbsp;<\/p>\n<\/div>\n<\/div><\/div><\/div><div id=\"pgc-1593-0-2\"  class=\"panel-grid-cell\" ><div id=\"panel-1593-0-2-0\" class=\"so-panel widget widget_sow-editor panel-first-child panel-last-child\" data-index=\"2\" ><div class=\"so-widget-sow-editor so-widget-sow-editor-base\">\n<div class=\"siteorigin-widget-tinymce textwidget\">\n\t<p><iframe loading=\"lazy\" title=\"La Qualit\u00e9 de Vie et des Conditions de Travail avec EIPAS\" width=\"500\" height=\"375\" src=\"https:\/\/www.youtube.com\/embed\/1xVTEScZVlQ?feature=oembed\" frameborder=\"0\" allow=\"accelerometer; autoplay; clipboard-write; encrypted-media; gyroscope; picture-in-picture; web-share\" referrerpolicy=\"strict-origin-when-cross-origin\" allowfullscreen><\/iframe><\/p>\n<p>&nbsp;<\/p>\n<\/div>\n<\/div><\/div><\/div><\/div><div id=\"pg-1593-1\"  class=\"panel-grid panel-no-style\" ><div id=\"pgc-1593-1-0\"  class=\"panel-grid-cell\" ><div id=\"panel-1593-1-0-0\" class=\"so-panel widget widget_sow-editor panel-first-child panel-last-child\" data-index=\"3\" ><div class=\"so-widget-sow-editor so-widget-sow-editor-base\">\n<div class=\"siteorigin-widget-tinymce textwidget\">\n\t<p><span style=\"color: #ff6600;\"><strong>E<\/strong><\/span> - entreprendre, engager<\/p>\n<p><span style=\"color: #ff6600;\"><strong>I<\/strong><\/span> - interagir, innover<\/p>\n<p><span style=\"color: #ff6600;\"><strong>P<\/strong><\/span> - prot\u00e9ger, pr\u00e9venir, promouvoir<\/p>\n<p><span style=\"color: #ff6600;\"><strong>A<\/strong><\/span> - accompagner, actualiser<\/p>\n<p><span style=\"color: #ff6600;\"><strong>S<\/strong><\/span> - supporter, structurer<\/p>\n<\/div>\n<\/div><\/div><\/div><div id=\"pgc-1593-1-1\"  class=\"panel-grid-cell\" ><div id=\"panel-1593-1-1-0\" class=\"so-panel widget widget_sow-editor panel-first-child panel-last-child\" data-index=\"4\" ><div class=\"so-widget-sow-editor so-widget-sow-editor-base\">\n<div class=\"siteorigin-widget-tinymce textwidget\">\n\t<p><a href=\"https:\/\/www.eipas.org\/association\/entreprises\/ateliers\/\" target=\"_blank\" rel=\"noopener\"><span style=\"color: #000000;\"><strong>ATELIERS<\/strong><\/span><\/a><\/p>\n<p><a href=\"https:\/\/www.eipas.org\/association\/entreprises\/groupes-dexpression\/\" target=\"_blank\" rel=\"noopener\"><span style=\"color: #000000;\"><strong>GROUPES D'EXPRESSION<\/strong><\/span><\/a><\/p>\n<p><a href=\"https:\/\/www.eipas.org\/association\/entreprises\/diagnostics\/\" target=\"_blank\" rel=\"noopener\"><span style=\"color: #000000;\"><strong>DIAGNOSTICS<\/strong><\/span><\/a><\/p>\n<p><a href=\"https:\/\/www.eipas.org\/association\/entreprises\/mediations\/\" target=\"_blank\" rel=\"noopener\"><strong><span style=\"color: #000000;\">MEDIATIONS<\/span><\/strong><\/a><\/p>\n<p>&nbsp;<\/p>\n<p>&nbsp;<\/p>\n<\/div>\n<\/div><\/div><\/div><\/div><\/div>","protected":false},"excerpt":{"rendered":"<p>https:\/\/youtu.be\/PJF0Tm8TVWY &nbsp; https:\/\/youtu.be\/74JBpGhJF1M &nbsp; https:\/\/youtu.be\/1xVTEScZVlQ &nbsp; E &#8211; entreprendre, engager I &#8211; interagir, innover P &#8211; prot\u00e9ger, pr\u00e9venir, promouvoir A &#8211; accompagner, actualiser S &#8211; supporter, structurer ATELIERS GROUPES D&rsquo;EXPRESSION DIAGNOSTICS MEDIATIONS &nbsp; &nbsp;<\/p>\n","protected":false},"author":1,"featured_media":2211,"parent":0,"menu_order":0,"comment_status":"closed","ping_status":"closed","template":"","meta":{"footnotes":""},"class_list":["post-1593","page","type-page","status-publish","has-post-thumbnail","hentry"],"acf":[],"_links":{"self":[{"href":"https:\/\/www.eipas.org\/association\/wp-json\/wp\/v2\/pages\/1593","targetHints":{"allow":["GET"]}}],"collection":[{"href":"https:\/\/www.eipas.org\/association\/wp-json\/wp\/v2\/pages"}],"about":[{"href":"https:\/\/www.eipas.org\/association\/wp-json\/wp\/v2\/types\/page"}],"author":[{"embeddable":true,"href":"https:\/\/www.eipas.org\/association\/wp-json\/wp\/v2\/users\/1"}],"replies":[{"embeddable":true,"href":"https:\/\/www.eipas.org\/association\/wp-json\/wp\/v2\/comments?post=1593"}],"version-history":[{"count":2,"href":"https:\/\/www.eipas.org\/association\/wp-json\/wp\/v2\/pages\/1593\/revisions"}],"predecessor-version":[{"id":2818,"href":"https:\/\/www.eipas.org\/association\/wp-json\/wp\/v2\/pages\/1593\/revisions\/2818"}],"wp:featuredmedia":[{"embeddable":true,"href":"https:\/\/www.eipas.org\/association\/wp-json\/wp\/v2\/media\/2211"}],"wp:attachment":[{"href":"https:\/\/www.eipas.org\/association\/wp-json\/wp\/v2\/media?parent=1593"}],"curies":[{"name":"wp","href":"https:\/\/api.w.org\/{rel}","templated":true}]}}