{"id":1595,"date":"2022-03-23T10:43:51","date_gmt":"2022-03-23T09:43:51","guid":{"rendered":"https:\/\/www.eipas.org\/association\/?page_id=1595"},"modified":"2023-12-27T10:06:26","modified_gmt":"2023-12-27T09:06:26","slug":"ateliers","status":"publish","type":"page","link":"https:\/\/www.eipas.org\/association\/entreprises\/ateliers\/","title":{"rendered":"Ateliers en \u00e9quipe"},"content":{"rendered":"<div id=\"pl-1595\"  class=\"panel-layout\" ><div id=\"pg-1595-0\"  class=\"panel-grid panel-no-style\" ><div id=\"pgc-1595-0-0\"  class=\"panel-grid-cell\" ><div id=\"panel-1595-0-0-0\" class=\"so-panel widget widget_sow-editor panel-first-child panel-last-child\" data-index=\"0\" ><div class=\"so-widget-sow-editor so-widget-sow-editor-base\">\n<div class=\"siteorigin-widget-tinymce textwidget\">\n\t<p>EIPAS peut d\u00e9velopper des ateliers sur mesure, pour r\u00e9pondre plus pr\u00e9cis\u00e9ment \u00e0 vos besoins, sur diff\u00e9rentes th\u00e9matiques :<\/p>\n<ul>\n<li style=\"list-style-type: none;\">\n<ul>\n<li style=\"list-style-type: none;\">\n<ul>\n<li><span style=\"color: #ff6600;\">sensibilisation \u00e0 la pr\u00e9vention des risques psychosociaux,<\/span><\/li>\n<li><span style=\"color: #ff6600;\">redynamiser son \u00e9quipe<\/span><\/li>\n<li><span style=\"color: #ff6600;\">la communication assertive<\/span><\/li>\n<li><span style=\"color: #ff6600;\">r\u00e9guler les tensions entre coll\u00e8gues<\/span><\/li>\n<li><span style=\"color: #ff6600;\">mieux s'adapter au t\u00e9l\u00e9travail<\/span><\/li>\n<li><span style=\"color: #ff6600;\">manager une \u00e9quipe mixant pr\u00e9sentiel et t\u00e9l\u00e9travail<\/span><\/li>\n<li><span style=\"color: #ff6600;\">g\u00e9rer son travail en open-space<\/span><\/li>\n<li><span style=\"color: #ff6600;\">\u2026<\/span><\/li>\n<\/ul>\n<\/li>\n<\/ul>\n<\/li>\n<\/ul>\n<p>Les ateliers peuvent \u00eatre dispens\u00e9s en pr\u00e9sentiel ou en visio.<br \/>\nPour tous renseignements, n'h\u00e9sitez pas \u00e0 compl\u00e9ter le <a href=\"https:\/\/www.eipas.org\/association\/contactez-nous\/\" target=\"_blank\" rel=\"noopener\">formulaire contact<\/a>.<\/p>\n<\/div>\n<\/div><\/div><\/div><\/div><\/div>","protected":false},"excerpt":{"rendered":"<p>EIPAS peut d\u00e9velopper des ateliers sur mesure, pour r\u00e9pondre plus pr\u00e9cis\u00e9ment \u00e0 vos besoins, sur diff\u00e9rentes th\u00e9matiques : sensibilisation \u00e0 la pr\u00e9vention des risques psychosociaux, redynamiser son \u00e9quipe la communication assertive r\u00e9guler les tensions entre coll\u00e8gues mieux s&rsquo;adapter au t\u00e9l\u00e9travail manager une \u00e9quipe mixant pr\u00e9sentiel et t\u00e9l\u00e9travail g\u00e9rer son travail en open-space \u2026 Les ateliers [&hellip;]<\/p>\n","protected":false},"author":1,"featured_media":3231,"parent":1593,"menu_order":1,"comment_status":"closed","ping_status":"closed","template":"","meta":{"footnotes":""},"class_list":["post-1595","page","type-page","status-publish","has-post-thumbnail","hentry"],"acf":[],"_links":{"self":[{"href":"https:\/\/www.eipas.org\/association\/wp-json\/wp\/v2\/pages\/1595","targetHints":{"allow":["GET"]}}],"collection":[{"href":"https:\/\/www.eipas.org\/association\/wp-json\/wp\/v2\/pages"}],"about":[{"href":"https:\/\/www.eipas.org\/association\/wp-json\/wp\/v2\/types\/page"}],"author":[{"embeddable":true,"href":"https:\/\/www.eipas.org\/association\/wp-json\/wp\/v2\/users\/1"}],"replies":[{"embeddable":true,"href":"https:\/\/www.eipas.org\/association\/wp-json\/wp\/v2\/comments?post=1595"}],"version-history":[{"count":2,"href":"https:\/\/www.eipas.org\/association\/wp-json\/wp\/v2\/pages\/1595\/revisions"}],"predecessor-version":[{"id":3233,"href":"https:\/\/www.eipas.org\/association\/wp-json\/wp\/v2\/pages\/1595\/revisions\/3233"}],"up":[{"embeddable":true,"href":"https:\/\/www.eipas.org\/association\/wp-json\/wp\/v2\/pages\/1593"}],"wp:featuredmedia":[{"embeddable":true,"href":"https:\/\/www.eipas.org\/association\/wp-json\/wp\/v2\/media\/3231"}],"wp:attachment":[{"href":"https:\/\/www.eipas.org\/association\/wp-json\/wp\/v2\/media?parent=1595"}],"curies":[{"name":"wp","href":"https:\/\/api.w.org\/{rel}","templated":true}]}}