{"id":1599,"date":"2022-03-23T10:45:24","date_gmt":"2022-03-23T09:45:24","guid":{"rendered":"https:\/\/www.eipas.org\/association\/?page_id=1599"},"modified":"2023-12-27T09:56:38","modified_gmt":"2023-12-27T08:56:38","slug":"diagnostics","status":"publish","type":"page","link":"https:\/\/www.eipas.org\/association\/entreprises\/diagnostics\/","title":{"rendered":"Diagnostics EvRPS et EvQVCT"},"content":{"rendered":"<div id=\"pl-1599\"  class=\"panel-layout\" ><div id=\"pg-1599-0\"  class=\"panel-grid panel-no-style\" ><div id=\"pgc-1599-0-0\"  class=\"panel-grid-cell\" ><div id=\"panel-1599-0-0-0\" class=\"so-panel widget widget_sow-editor panel-first-child panel-last-child\" data-index=\"0\" ><div class=\"so-widget-sow-editor so-widget-sow-editor-base\">\n<div class=\"siteorigin-widget-tinymce textwidget\">\n\t<p><strong><span style=\"color: #ff6600;\">TOUS ACTEURS, TOUS VOLONTAIRES<\/span><\/strong><\/p>\n<p><strong>Evaluation de la Qualit\u00e9 de vie au travail (EvQVT) : <a href=\"https:\/\/www.eipas.org\/association\/entreprises\/qvct\/\" target=\"_blank\" rel=\"noopener\">en savoir + ici<\/a><\/strong><\/p>\n<p>L\u2019EvQVT consiste en une cartographie des pratiques. Elle est r\u00e9alis\u00e9e par un collectif de salari\u00e9s volontaires repr\u00e9sentant les diff\u00e9rentes fonctions dans chaque unit\u00e9 de travail. Elle permet l\u2019engagement de l'organisation dans une d\u00e9marche d\u2019am\u00e9lioration continue.<\/p>\n<p class=\"x_MsoNormal\"><strong>Evaluation des Risques psycho-sociaux (EvRPS) : <a href=\"https:\/\/www.youtube.com\/watch?time_continue=1&amp;v=74JBpGhJF1M&amp;embeds_referring_euri=https%3A%2F%2Fwww.eipas.org%2F&amp;source_ve_path=MTM5MTE3LDIzODUx&amp;feature=emb_title\" target=\"_blank\" rel=\"noopener\">en savoir + ici<\/a><\/strong><\/p>\n<p>La d\u00e9marche diagnostique consiste en :<br aria-hidden=\"true\" \/>1. l\u2019\u00e9valuation des risques par une m\u00e9thode adapt\u00e9e \u00e0 la taille de l\u2019entreprise.<br aria-hidden=\"true\" \/>2. la proposition de mesures d\u2019am\u00e9lioration.<\/p>\n<p>Le diagnostic peut \u00eatre suivi<br aria-hidden=\"true\" \/>- d\u2019un accompagnement de la mise en place des actions de pr\u00e9vention<br aria-hidden=\"true\" \/>- d\u2019une \u00e9valuation de l\u2019impact des interventions<\/p>\n<p>La m\u00e9thode diagnostique pr\u00e9conis\u00e9e d\u00e9pend du contexte dans l\u2019entreprise\u00a0:<\/p>\n<ul>\n<li>Dans un climat apais\u00e9, l\u2019EvRPS par cartographie des pratiques de pr\u00e9vention est recommand\u00e9e. Elle est r\u00e9alis\u00e9e par un collectif de salari\u00e9s volontaires repr\u00e9sentant les diff\u00e9rentes fonctions dans l\u2019unit\u00e9 de travail. Elle permet l\u2019engagement de l'organisation dans une d\u00e9marche d\u2019am\u00e9lioration continue.<\/li>\n<li>Dans un climat de tensions, l\u2019EvRPS par entretiens individuels est pr\u00e9conis\u00e9.<\/li>\n<\/ul>\n<p>EIPAS vous accompagne dans la r\u00e9daction du DUERP (pour les RPS) pour faire face \u00e0 vos obligations r\u00e9glementaires.<\/p>\n<p>Pour tous renseignements, n'h\u00e9sitez pas \u00e0 compl\u00e9ter le <a href=\"https:\/\/www.eipas.org\/association\/contactez-nous\/\" target=\"_blank\" rel=\"noopener\">formulaire contact<\/a>.<\/p>\n<\/div>\n<\/div><\/div><\/div><\/div><\/div>","protected":false},"excerpt":{"rendered":"<p>TOUS ACTEURS, TOUS VOLONTAIRES Evaluation de la Qualit\u00e9 de vie au travail (EvQVT) : en savoir + ici L\u2019EvQVT consiste en une cartographie des pratiques. Elle est r\u00e9alis\u00e9e par un collectif de salari\u00e9s volontaires repr\u00e9sentant les diff\u00e9rentes fonctions dans chaque unit\u00e9 de travail. Elle permet l\u2019engagement de l&rsquo;organisation dans une d\u00e9marche d\u2019am\u00e9lioration continue. Evaluation des [&hellip;]<\/p>\n","protected":false},"author":1,"featured_media":0,"parent":1593,"menu_order":3,"comment_status":"closed","ping_status":"closed","template":"","meta":{"footnotes":""},"class_list":["post-1599","page","type-page","status-publish","hentry"],"acf":[],"_links":{"self":[{"href":"https:\/\/www.eipas.org\/association\/wp-json\/wp\/v2\/pages\/1599","targetHints":{"allow":["GET"]}}],"collection":[{"href":"https:\/\/www.eipas.org\/association\/wp-json\/wp\/v2\/pages"}],"about":[{"href":"https:\/\/www.eipas.org\/association\/wp-json\/wp\/v2\/types\/page"}],"author":[{"embeddable":true,"href":"https:\/\/www.eipas.org\/association\/wp-json\/wp\/v2\/users\/1"}],"replies":[{"embeddable":true,"href":"https:\/\/www.eipas.org\/association\/wp-json\/wp\/v2\/comments?post=1599"}],"version-history":[{"count":2,"href":"https:\/\/www.eipas.org\/association\/wp-json\/wp\/v2\/pages\/1599\/revisions"}],"predecessor-version":[{"id":3227,"href":"https:\/\/www.eipas.org\/association\/wp-json\/wp\/v2\/pages\/1599\/revisions\/3227"}],"up":[{"embeddable":true,"href":"https:\/\/www.eipas.org\/association\/wp-json\/wp\/v2\/pages\/1593"}],"wp:attachment":[{"href":"https:\/\/www.eipas.org\/association\/wp-json\/wp\/v2\/media?parent=1599"}],"curies":[{"name":"wp","href":"https:\/\/api.w.org\/{rel}","templated":true}]}}