{"id":1714,"date":"2022-03-28T10:39:21","date_gmt":"2022-03-28T08:39:21","guid":{"rendered":"https:\/\/www.eipas.org\/association\/?page_id=1714"},"modified":"2022-03-31T08:23:28","modified_gmt":"2022-03-31T06:23:28","slug":"mot-du-president","status":"publish","type":"page","link":"https:\/\/www.eipas.org\/association\/qui-sommes-nous\/mot-du-president\/","title":{"rendered":"Mot du Pr\u00e9sident"},"content":{"rendered":"<div id=\"pl-1714\"  class=\"panel-layout\" ><div id=\"pg-1714-0\"  class=\"panel-grid panel-no-style\" ><div id=\"pgc-1714-0-0\"  class=\"panel-grid-cell\" ><div id=\"panel-1714-0-0-0\" class=\"so-panel widget widget_sow-image panel-first-child panel-last-child\" data-index=\"0\" ><div class=\"so-widget-sow-image so-widget-sow-image-default-d6014b76747a-1714\">\n\n<div class=\"sow-image-container\">\n\t\t<img decoding=\"async\" src=\"https:\/\/www.eipas.org\/association\/wp-content\/uploads\/2022\/03\/guy_cautenet-scaled-e1648456743146.jpg\" width=\"150\" height=\"200\" sizes=\"auto, (max-width: 150px) 100vw, 150px\" title=\"guy_cautenet\" alt=\"\" loading=\"lazy\" \t\tclass=\"so-widget-image\"\/>\n\t<\/div>\n\n<\/div><\/div><\/div><div id=\"pgc-1714-0-1\"  class=\"panel-grid-cell\" ><div id=\"panel-1714-0-1-0\" class=\"so-panel widget widget_sow-editor panel-first-child panel-last-child\" data-index=\"1\" ><div class=\"so-widget-sow-editor so-widget-sow-editor-base\">\n<div class=\"siteorigin-widget-tinymce textwidget\">\n\t<p style=\"text-align: justify; text-justify: inter-ideograph; margin: 0cm 0cm 10.0pt 0cm;\"><em><strong><span style=\"font-size: 12.0pt;\">Guy CAUTENET, ancien professeur \u00e0 l\u2019Universit\u00e9 Blaise Pascal de Clermont-Ferrand.<\/span><\/strong><\/em><\/p>\n<p style=\"text-align: justify; text-justify: inter-ideograph; margin: 0cm 0cm 10.0pt 0cm;\"><span style=\"font-size: 12.0pt;\">\"J\u2019ai \u00e9t\u00e9 souvent, tant dans mon entourage professionnel (enseignants, chercheurs, techniciens, \u00e9tudiants) que dans mon environnement proche ou lointain (famille, amis et connaissances) confront\u00e9 \u00e0 des manifestations de ce que l\u2019on nomme \u00ab risques psycho-sociaux \u00bb, ou plus simplement la souffrance au travail. Ce \u00ab mal du si\u00e8cle \u00bb est souvent mal compris, et est d\u2019autant plus pr\u00e9judiciable qu\u2019il porte tort \u00e0 tout le monde : salari\u00e9 en souffrance au travail, entreprise et milieu familial. Ayant \u00e9t\u00e9, plusieurs ann\u00e9es durant, b\u00e9n\u00e9vole au sein de l\u2019association EIPAS, je peux t\u00e9moigner de l\u2019efficacit\u00e9 des interventions de cette association. J\u2019ai d\u00e9cid\u00e9 de prendre une nouvelle responsabilit\u00e9 en acceptant d\u2019en \u00eatre le pr\u00e9sident\".<\/span><\/p>\n<p style=\"text-align: justify; text-justify: inter-ideograph; margin: 0cm 0cm 10.0pt 0cm;\"><span style=\"font-size: 12.0pt;\">Guy Cautenet<\/span><\/p>\n<\/div>\n<\/div><\/div><\/div><\/div><\/div>","protected":false},"excerpt":{"rendered":"<p>Guy CAUTENET, ancien professeur \u00e0 l\u2019Universit\u00e9 Blaise Pascal de Clermont-Ferrand. \u00ab\u00a0J\u2019ai \u00e9t\u00e9 souvent, tant dans mon entourage professionnel (enseignants, chercheurs, techniciens, \u00e9tudiants) que dans mon environnement proche ou lointain (famille, amis et connaissances) confront\u00e9 \u00e0 des manifestations de ce que l\u2019on nomme \u00ab risques psycho-sociaux \u00bb, ou plus simplement la souffrance au travail. Ce \u00ab [&hellip;]<\/p>\n","protected":false},"author":3,"featured_media":0,"parent":482,"menu_order":0,"comment_status":"closed","ping_status":"closed","template":"full-width.php","meta":{"footnotes":""},"class_list":["post-1714","page","type-page","status-publish","hentry"],"acf":[],"_links":{"self":[{"href":"https:\/\/www.eipas.org\/association\/wp-json\/wp\/v2\/pages\/1714","targetHints":{"allow":["GET"]}}],"collection":[{"href":"https:\/\/www.eipas.org\/association\/wp-json\/wp\/v2\/pages"}],"about":[{"href":"https:\/\/www.eipas.org\/association\/wp-json\/wp\/v2\/types\/page"}],"author":[{"embeddable":true,"href":"https:\/\/www.eipas.org\/association\/wp-json\/wp\/v2\/users\/3"}],"replies":[{"embeddable":true,"href":"https:\/\/www.eipas.org\/association\/wp-json\/wp\/v2\/comments?post=1714"}],"version-history":[{"count":2,"href":"https:\/\/www.eipas.org\/association\/wp-json\/wp\/v2\/pages\/1714\/revisions"}],"predecessor-version":[{"id":1967,"href":"https:\/\/www.eipas.org\/association\/wp-json\/wp\/v2\/pages\/1714\/revisions\/1967"}],"up":[{"embeddable":true,"href":"https:\/\/www.eipas.org\/association\/wp-json\/wp\/v2\/pages\/482"}],"wp:attachment":[{"href":"https:\/\/www.eipas.org\/association\/wp-json\/wp\/v2\/media?parent=1714"}],"curies":[{"name":"wp","href":"https:\/\/api.w.org\/{rel}","templated":true}]}}