{"id":1920,"date":"2022-03-30T11:15:44","date_gmt":"2022-03-30T09:15:44","guid":{"rendered":"https:\/\/www.eipas.org\/association\/?page_id=1920"},"modified":"2022-03-31T09:59:29","modified_gmt":"2022-03-31T07:59:29","slug":"stress-chronique","status":"publish","type":"page","link":"https:\/\/www.eipas.org\/association\/ressources-page-non-affichee\/stress-chronique\/","title":{"rendered":"Le stress chronique"},"content":{"rendered":"<div id=\"pl-1920\"  class=\"panel-layout\" ><div id=\"pg-1920-0\"  class=\"panel-grid panel-no-style\" ><div id=\"pgc-1920-0-0\"  class=\"panel-grid-cell\" ><div id=\"panel-1920-0-0-0\" class=\"so-panel widget widget_sow-editor panel-first-child panel-last-child\" data-index=\"0\" ><div class=\"so-widget-sow-editor so-widget-sow-editor-base\">\n<div class=\"siteorigin-widget-tinymce textwidget\">\n\t<h6><\/h6>\n<h6>Signes d'appel<\/h6>\n<ul>\n<li>troubles du sommeil<\/li>\n<li>troubles digestifs<\/li>\n<li>d\u00e9pression<\/li>\n<li>troubles anxieux<\/li>\n<li>troubles musculosquelettiques (TMS)<\/li>\n<li>pathologies cardio-vasculaires (ath\u00e9roscl\u00e9rose, HTA)<\/li>\n<li>pathologies inflammatoires chroniques digestives, cutan\u00e9es\u2026<\/li>\n<li>syndrome m\u00e9tabolique, diab\u00e8te<\/li>\n<\/ul>\n<h6>Diagnostic<\/h6>\n<p><span class=\"sigle4\">D\u00e9pression<\/span> : Test de D\u00e9pression de Beck<br \/>\n- le <a href=\"https:\/\/tccmontreal.files.wordpress.com\/2015\/08\/inventaire-de-beck-pour-la-dc3a9pression.pdf\" target=\"_blank\" rel=\"noopener\">test de D\u00e9pression de Beck<\/a><br \/>\n- les <a href=\"https:\/\/www.eipas.org\/images\/beck_instructions.pdf\" target=\"_blank\" rel=\"noopener\">instructions<\/a> pour l'interpr\u00e9tation du test<\/p>\n<p><span class=\"sigle4\">Etat inflammatoire de bas grade\u00a0<\/span>favoris\u00e9 dans les cas suivants :<br \/>\n- Le stress chronique dure depuis plus d'un an<br \/>\n- Les \u00e9motions ne peuvent \u00eatre exprim\u00e9es (Alexithymie ou absence d'espace d'expression)<br \/>\nT\u00e9l\u00e9charger : <a href=\"https:\/\/www.eipas.org\/images\/etat_inflammatoire_et_stress.pdf\" target=\"_blank\" rel=\"noopener\">L'\u00e9tat inflammatoire dans le stress chronique<\/a><\/p>\n<h6>Conduites \u00e0 tenir<\/h6>\n<p>1. Traitement des pathologies induites par le stress chronique<\/p>\n<p>2. Orienter vers un soutien sp\u00e9cialis\u00e9 :<\/p>\n<ul>\n<li style=\"list-style-type: none;\">\n<ul>\n<li><a href=\"https:\/\/annuaire.souffrance-et-travail.com\" target=\"_blank\" rel=\"noopener\">Consultations souffrance au travail<\/a><\/li>\n<li><a href=\"http:\/\/www.aftcc.org\/carte_membres\" target=\"_blank\" rel=\"noopener\">M\u00e9decins et psychologues comp\u00e9tents en TCC<\/a><\/li>\n<li><a href=\"https:\/\/www.eipas.org\/association\/particuliers\/consultations\/\" target=\"_blank\" rel=\"noopener\">En Auvergne, Consultations EIPAS<\/a><\/li>\n<\/ul>\n<\/li>\n<\/ul>\n<h6>Pour en savoir plus<\/h6>\n<p><em>Troubles du sommeil<\/em><br \/>\n<a href=\"http:\/\/www.has-sante.fr\/portail\/upload\/docs\/application\/pdf\/rpc_sftg_insomnie_-_synthese_des_recommandations.pdf\">Prise en charge de l\u2019insomnie : recommandations HAS<\/a><\/p>\n<p><em>D\u00e9pression<\/em><br \/>\n<a href=\"https:\/\/www.has-sante.fr\/jcms\/c_1739917\/fr\/episode-depressif-caracterise-de-l-adulte-prise-en-charge-en-premier-recours\" target=\"_blank\" rel=\"noopener\">M\u00e9mo \u00c9pisode d\u00e9pressif<\/a><\/p>\n<p><em>TMS<\/em><br \/>\n<a href=\"http:\/\/www.inrs.fr\/accueil\/produits\/mediatheque\/doc\/publications.html?refINRS=ND%202158\" target=\"_blank\" rel=\"noopener\">TMS des poignets et stress : dossier INRS<\/a><\/p>\n<p><em>Stress et \u00e9tat inflammatoire<\/em><br \/>\n<a href=\"http:\/\/philippe.davezies.free.fr\/\" target=\"_blank\" rel=\"noopener\">Site de Philippe Davezies<\/a><\/p>\n<p><em>Stress et conduites addictives<\/em><br \/>\nComprendre le <a href=\"images\/definitions.pdf\">lien entre stress et conduites addictives<\/a><br \/>\nConf\u00e9rence <a href=\"conference_addiction.php\">\"RPS et conduites addictives\"<\/a>du 18 sept 2017<\/p>\n<\/div>\n<\/div><\/div><\/div><\/div><\/div>","protected":false},"excerpt":{"rendered":"<p>Signes d&rsquo;appel troubles du sommeil troubles digestifs d\u00e9pression troubles anxieux troubles musculosquelettiques (TMS) pathologies cardio-vasculaires (ath\u00e9roscl\u00e9rose, HTA) pathologies inflammatoires chroniques digestives, cutan\u00e9es\u2026 syndrome m\u00e9tabolique, diab\u00e8te Diagnostic D\u00e9pression : Test de D\u00e9pression de Beck &#8211; le test de D\u00e9pression de Beck &#8211; les instructions pour l&rsquo;interpr\u00e9tation du test Etat inflammatoire de bas grade\u00a0favoris\u00e9 dans les cas [&hellip;]<\/p>\n","protected":false},"author":3,"featured_media":0,"parent":1619,"menu_order":0,"comment_status":"closed","ping_status":"closed","template":"","meta":{"footnotes":""},"class_list":["post-1920","page","type-page","status-publish","hentry"],"acf":[],"_links":{"self":[{"href":"https:\/\/www.eipas.org\/association\/wp-json\/wp\/v2\/pages\/1920","targetHints":{"allow":["GET"]}}],"collection":[{"href":"https:\/\/www.eipas.org\/association\/wp-json\/wp\/v2\/pages"}],"about":[{"href":"https:\/\/www.eipas.org\/association\/wp-json\/wp\/v2\/types\/page"}],"author":[{"embeddable":true,"href":"https:\/\/www.eipas.org\/association\/wp-json\/wp\/v2\/users\/3"}],"replies":[{"embeddable":true,"href":"https:\/\/www.eipas.org\/association\/wp-json\/wp\/v2\/comments?post=1920"}],"version-history":[{"count":2,"href":"https:\/\/www.eipas.org\/association\/wp-json\/wp\/v2\/pages\/1920\/revisions"}],"predecessor-version":[{"id":1981,"href":"https:\/\/www.eipas.org\/association\/wp-json\/wp\/v2\/pages\/1920\/revisions\/1981"}],"up":[{"embeddable":true,"href":"https:\/\/www.eipas.org\/association\/wp-json\/wp\/v2\/pages\/1619"}],"wp:attachment":[{"href":"https:\/\/www.eipas.org\/association\/wp-json\/wp\/v2\/media?parent=1920"}],"curies":[{"name":"wp","href":"https:\/\/api.w.org\/{rel}","templated":true}]}}