{"id":1923,"date":"2022-03-30T11:20:55","date_gmt":"2022-03-30T09:20:55","guid":{"rendered":"https:\/\/www.eipas.org\/association\/?page_id=1923"},"modified":"2022-03-31T10:07:13","modified_gmt":"2022-03-31T08:07:13","slug":"epuisement-professionnel","status":"publish","type":"page","link":"https:\/\/www.eipas.org\/association\/ressources-page-non-affichee\/epuisement-professionnel\/","title":{"rendered":"L&rsquo;\u00e9puisement professionnel"},"content":{"rendered":"<div id=\"pl-1923\"  class=\"panel-layout\" ><div id=\"pg-1923-0\"  class=\"panel-grid panel-no-style\" ><div id=\"pgc-1923-0-0\"  class=\"panel-grid-cell\" ><div id=\"panel-1923-0-0-0\" class=\"so-panel widget widget_sow-editor panel-first-child panel-last-child\" data-index=\"0\" ><div class=\"so-widget-sow-editor so-widget-sow-editor-base\">\n<div class=\"siteorigin-widget-tinymce textwidget\">\n\t<h6><\/h6>\n<h6>Signes d'appel pour comprendre\u00a0le BURNOUT<\/h6>\n<p><span class=\"sigle4\">1. \u00e9puisement physique et \u00e9motionnel : <\/span><span class=\"sigle9\">asth\u00e9nie physique intense non am\u00e9lior\u00e9e par le repos et asth\u00e9nie psychique, irritabilit\u00e9, crises de larmes\u2026<\/span><\/p>\n<p><span class=\"sigle4\">2. d\u00e9shumanisation de la relation \u00e0 l\u2019autre :\u00a0<\/span><span class=\"sigle9\">d\u00e9veloppement d\u2019attitudes impersonnelles ('d\u00e9personnalisation'), n\u00e9gatives, cyniques envers les autres<\/span><\/p>\n<p><span class=\"sigle4\" style=\"font-size: 1rem;\">3. r\u00e9duction de l\u2019accomplissement personnel :\u00a0<\/span><span class=\"sigle9\" style=\"font-size: 1rem;\">d\u00e9valorisation de son travail et de ses comp\u00e9tences, diminution de l\u2019estime de soi et du sentiment d\u2019auto efficacit\u00e9 (\"je ne suis pas \u00e0 la hauteur\", \"je suis nul\"...)<\/span><\/p>\n<h6>Diagnostic<\/h6>\n<p><span class=\"sigle4\">Test de <strong>Maslach <\/strong><\/span>: Auto-questionnaire de 20 items<br \/>\n- le <a href=\"https:\/\/www.eipas.org\/images\/mbi_test.pdf\" target=\"_blank\" rel=\"noopener\">test de Maslach<\/a><br \/>\n- les <a href=\"http:\/\/www.eipas.org\/images\/mbi_instructions.pdf\" target=\"_blank\" rel=\"noopener\">instructions<\/a> pour l'interpr\u00e9tation du test<\/p>\n<h6>Conduites \u00e0 tenir<\/h6>\n<p>1. Arr\u00eat de travail<\/p>\n<p>2. Orienter vers un soutien sp\u00e9cialis\u00e9<\/p>\n<ul>\n<li style=\"list-style-type: none;\">\n<ul>\n<li><a href=\"https:\/\/annuaire.souffrance-et-travail.com\" target=\"_blank\" rel=\"noopener\">Consultations souffrance au travail<\/a><\/li>\n<li><a href=\"http:\/\/www.aftcc.org\/carte_membres\" target=\"_blank\" rel=\"noopener\">M\u00e9decins et psychologues comp\u00e9tents en TCC<\/a><\/li>\n<li><a href=\"https:\/\/www.eipas.org\/association\/particuliers\/consultations\/\" target=\"_blank\" rel=\"noopener\">En Auvergne, Consultations EIPAS<\/a><\/li>\n<\/ul>\n<\/li>\n<\/ul>\n<p>3. Evaluer, avec le patient, la violence psychologique subie par le <a href=\"https:\/\/www.inrs.fr\/media.html?refINRS=FRPS%2021\" target=\"_blank\" rel=\"noopener\">questionnaire LIPT de Leymann<\/a>, (R\u00e9f\u00e9rence : I. Niedhammer, et al. Rev Epidemiol Sante Publique 2006 ; 54 : 245-62)<\/p>\n<h6>Pour en savoir plus<\/h6>\n<p><a href=\"http:\/\/www.inrs.fr\/accueil\/produits\/mediatheque\/doc\/publications.html?refINRS=FRPS%2026\" target=\"_blank\" rel=\"noopener\">Le test de Maslach (MBI) : dossier INRS<\/a><\/p>\n<p>Dossiers INRS :\u00a0<a href=\"http:\/\/www.inrs.fr\/risques\/epuisement-burnout\/ce-qu-il-faut-retenir.html\" target=\"_blank\" rel=\"noopener\">\u00c9puisement professionnel ou burn-out : dossier INRS<\/a><\/p>\n<p>Lire : Christina Maslach et Michael P. Leiter, BURNOUT, Edition Les ar\u00e8nes Paris 2011<\/p>\n<\/div>\n<\/div><\/div><\/div><\/div><\/div>","protected":false},"excerpt":{"rendered":"<p>Signes d&rsquo;appel pour comprendre\u00a0le BURNOUT 1. \u00e9puisement physique et \u00e9motionnel : asth\u00e9nie physique intense non am\u00e9lior\u00e9e par le repos et asth\u00e9nie psychique, irritabilit\u00e9, crises de larmes\u2026 2. d\u00e9shumanisation de la relation \u00e0 l\u2019autre :\u00a0d\u00e9veloppement d\u2019attitudes impersonnelles (&lsquo;d\u00e9personnalisation&rsquo;), n\u00e9gatives, cyniques envers les autres 3. r\u00e9duction de l\u2019accomplissement personnel :\u00a0d\u00e9valorisation de son travail et de ses comp\u00e9tences, [&hellip;]<\/p>\n","protected":false},"author":3,"featured_media":0,"parent":1619,"menu_order":0,"comment_status":"closed","ping_status":"closed","template":"","meta":{"footnotes":""},"class_list":["post-1923","page","type-page","status-publish","hentry"],"acf":[],"_links":{"self":[{"href":"https:\/\/www.eipas.org\/association\/wp-json\/wp\/v2\/pages\/1923","targetHints":{"allow":["GET"]}}],"collection":[{"href":"https:\/\/www.eipas.org\/association\/wp-json\/wp\/v2\/pages"}],"about":[{"href":"https:\/\/www.eipas.org\/association\/wp-json\/wp\/v2\/types\/page"}],"author":[{"embeddable":true,"href":"https:\/\/www.eipas.org\/association\/wp-json\/wp\/v2\/users\/3"}],"replies":[{"embeddable":true,"href":"https:\/\/www.eipas.org\/association\/wp-json\/wp\/v2\/comments?post=1923"}],"version-history":[{"count":2,"href":"https:\/\/www.eipas.org\/association\/wp-json\/wp\/v2\/pages\/1923\/revisions"}],"predecessor-version":[{"id":1983,"href":"https:\/\/www.eipas.org\/association\/wp-json\/wp\/v2\/pages\/1923\/revisions\/1983"}],"up":[{"embeddable":true,"href":"https:\/\/www.eipas.org\/association\/wp-json\/wp\/v2\/pages\/1619"}],"wp:attachment":[{"href":"https:\/\/www.eipas.org\/association\/wp-json\/wp\/v2\/media?parent=1923"}],"curies":[{"name":"wp","href":"https:\/\/api.w.org\/{rel}","templated":true}]}}