{"id":1926,"date":"2022-03-30T11:23:26","date_gmt":"2022-03-30T09:23:26","guid":{"rendered":"https:\/\/www.eipas.org\/association\/?page_id=1926"},"modified":"2022-09-01T15:47:59","modified_gmt":"2022-09-01T13:47:59","slug":"risque-suicidaire","status":"publish","type":"page","link":"https:\/\/www.eipas.org\/association\/ressources-page-non-affichee\/risque-suicidaire\/","title":{"rendered":"Le risque suicidaire"},"content":{"rendered":"<div id=\"pl-1926\"  class=\"panel-layout\" ><div id=\"pg-1926-0\"  class=\"panel-grid panel-no-style\" ><div id=\"pgc-1926-0-0\"  class=\"panel-grid-cell\" ><div id=\"panel-1926-0-0-0\" class=\"so-panel widget widget_sow-editor panel-first-child panel-last-child\" data-index=\"0\" ><div class=\"so-widget-sow-editor so-widget-sow-editor-base\">\n<div class=\"siteorigin-widget-tinymce textwidget\">\n\t<h6><a href=\"https:\/\/www.eipas.org\/association\/ressources-page-non-affichee\/journee-nationale-de-prevention-du-suicide\/\" target=\"_blank\" rel=\"noopener\">Journ\u00e9e nationale de pr\u00e9vention du suicide le 10\/09\/2022, publication EIPAS<\/a><\/h6>\n<h6>Signes d'appel<\/h6>\n<ul>\n<li>arr\u00eats de travail \u00e0 r\u00e9p\u00e9tition<\/li>\n<li>consultations m\u00e9dicales it\u00e9ratives pour douleurs ou fatigue<\/li>\n<li>conflits avec les coll\u00e8gues, la hi\u00e9rarchie, les proches<\/li>\n<li>insuffisance de soutien social<\/li>\n<li>sentiment d'incapacit\u00e9, d'inefficience ou d'inutilit\u00e9 dans le travail et les relations sociales<\/li>\n<\/ul>\n<h6>Diagnostic<\/h6>\n<p>La crise suicidaire :<br \/>\n- <a href=\"https:\/\/www.eipas.org\/images\/crise_suicidaire.pdf\" target=\"_blank\" rel=\"noopener\">D\u00e9finitions et mod\u00e9lisation<\/a><\/p>\n<p><a href=\"https:\/\/www.eipas.org\/images\/evaluer_l_urgence.pdf\" target=\"_blank\" rel=\"noopener\">EVALUER L'URGENCE<\/a><\/p>\n<p>1. Est-ce que vous pensez au suicide ?<br \/>\n2. Est-ce que vous savez comment vous pourriez vous suicider ?<br \/>\n3. Est-ce que vous avez pens\u00e9 au moment o\u00f9 vous pourriez vous suicider ?<\/p>\n<p>Si la personne a r\u00e9pondu <span class=\"sigle8\">OUI aux 2 derni\u00e8res questions :\u00a0URGENCE FORT<\/span><\/p>\n<h6>Conduites \u00e0 tenir<\/h6>\n<p><span class=\"sigle7\">1. Demander une <\/span><span class=\"sigle8\">CONSULTATION EN URGENCE<\/span><span class=\"sigle7\"> au service d\u2019urgences psychiatriques\u00a0CHU de Clermont-Fd :<br \/>\nDu lundi au vendredi de 8h \u00e0 16h :<br \/>\nTel : <\/span><span class=\"sigle8\">04 73 754 780<\/span><br \/>\n<span class=\"sigle7\">En dehors de ces horaires : appeler le <\/span><span class=\"sigle8\">15<\/span><br \/>\n<span class=\"sigle7\">2. <\/span><span class=\"sigle8\">FAIRE ACCOMPAGNER<\/span> <span class=\"sigle7\">la personne \u00e0 la consultation <\/span><\/p>\n<p><strong>Num\u00e9ro national 3114<\/strong><\/p>\n<p>Le dispositif <a class=\"spip_out external\" title=\"VigilanS (nouvelle fen\u00eatre)\" href=\"https:\/\/www.f2rsmpsy.fr\/099-dispositif-vigilans.html\" target=\"_blank\" rel=\"external noopener noreferrer\">VigilanS<\/a>, cr\u00e9\u00e9 en 2015 dans les Hauts-de-France, a pour objectif g\u00e9n\u00e9ral de contribuer \u00e0 faire baisser le nombre de suicides et le nombre de r\u00e9cidives de tentative de suicide. Ce dispositif consiste en un <strong>syst\u00e8me de recontact et d\u2019alerte<\/strong> en organisant autour de la personne ayant fait une tentative de suicide un r\u00e9seau de professionnels de sant\u00e9 qui garderont le contact avec elle.<\/p>\n<h6>Pour en savoir plus<\/h6>\n<p>Dossiers INRS :<br \/>\n<a href=\"http:\/\/www.rst-sante-travail.fr\/rst\/pages-article\/ArticleRST.html?ref=RST.TM%2029\" target=\"_blank\" rel=\"noopener\">Suicide et conduite suicidaire : dossier INRS<\/a><br \/>\n<a href=\"http:\/\/www.inrs.fr\/accueil\/risques\/psychosociaux\/suicide.html\" target=\"_blank\" rel=\"noopener\">Suicide en lien avec le travail : dossier INRS<\/a><\/p>\n<p>Lire :\u00a0Christophe Dejours et Florence B\u00e8gue, <em>Suicide et travail : que faire ?<\/em> PUF 2009<\/p>\n<p style=\"font-weight: 400;\"><strong>Voici quelques liens de bibliographies existantes<\/strong>\u00a0:<\/p>\n<p style=\"font-weight: 400;\"><a href=\"https:\/\/www.infosuicide.org\/guide\/bibliographie\/\" data-saferedirecturl=\"https:\/\/www.google.com\/url?q=https:\/\/www.infosuicide.org\/guide\/bibliographie\/&amp;source=gmail&amp;ust=1648878435265000&amp;usg=AOvVaw2IErvzvMOKpS0KxehJDLBN\">https:\/\/www.infosuicide.org\/guide\/bibliographie\/<\/a><\/p>\n<p style=\"font-weight: 400;\"><a href=\"https:\/\/www.preventionsuicide.be\/media\/static\/files\/import\/recherche_avance\/biblio-suicide-2016.pdf\" data-saferedirecturl=\"https:\/\/www.google.com\/url?q=https:\/\/www.preventionsuicide.be\/media\/static\/files\/import\/recherche_avance\/biblio-suicide-2016.pdf&amp;source=gmail&amp;ust=1648878435265000&amp;usg=AOvVaw18Zs6qXhauEfMJsPmbYg9C\">https:\/\/www.preventionsuicide.be\/media\/static\/files\/import\/recherche_avance\/biblio-suicide-2016.pdf<\/a><\/p>\n<p style=\"font-weight: 400;\">Sur la r\u00e9it\u00e9ration suicidaire:<\/p>\n<p style=\"font-weight: 400;\"><a href=\"https:\/\/www.ascodocpsy.org\/wp-content\/uploads\/2021\/05\/biblio_sm_prevenir_reiteration_suicidaire_0321.pdf\" data-saferedirecturl=\"https:\/\/www.google.com\/url?q=https:\/\/www.ascodocpsy.org\/wp-content\/uploads\/2021\/05\/biblio_sm_prevenir_reiteration_suicidaire_0321.pdf&amp;source=gmail&amp;ust=1648878435265000&amp;usg=AOvVaw3TkSUTF-RI9At_pX4JIpW0\">https:\/\/www.ascodocpsy.org\/wp-content\/uploads\/2021\/05\/biblio_sm_prevenir_reiteration_suicidaire_0321.pdf<\/a><\/p>\n<p style=\"font-weight: 400;\">Sur le superbe outil bipbop, une s\u00e9lection d\u2019ouvrage sur la th\u00e9matique:<\/p>\n<p style=\"font-weight: 400;\"><a href=\"https:\/\/www.bib-bop.org\/base_bib\/bib_resu_rech.php?&amp;rech=a&amp;param=%7C%7Ctit=%7C%7Caut=%7C%7Cref=%7C%7Clieninter=0%7C%7Cper=_%7C%7Creg=22%2C5%2C14%2C12%2C21%7C%7Ccod=60%2C8%2C3%2C5%2C4%2C7%2C9%2C16%2C18%2C59%2C43%2C20%2C45%2C61%2C58%2C55%2C74%2C68%2C69%2C73%2C70%2C72%2C71%2C57%2C56%2C67%7C%7Ctyp=T3V2cmFnZQ%3D%3D%7C%7Cter=%7C%7Cdes1=Suicide%7C%7Cope1=AND&amp;nb=226&amp;ref=bib_6245c72844348\" data-saferedirecturl=\"https:\/\/www.google.com\/url?q=https:\/\/www.bib-bop.org\/base_bib\/bib_resu_rech.php?%26rech%3Da%26param%3D%257C%257Ctit%3D%257C%257Caut%3D%257C%257Cref%3D%257C%257Clieninter%3D0%257C%257Cper%3D_%257C%257Creg%3D22%252C5%252C14%252C12%252C21%257C%257Ccod%3D60%252C8%252C3%252C5%252C4%252C7%252C9%252C16%252C18%252C59%252C43%252C20%252C45%252C61%252C58%252C55%252C74%252C68%252C69%252C73%252C70%252C72%252C71%252C57%252C56%252C67%257C%257Ctyp%3DT3V2cmFnZQ%253D%253D%257C%257Cter%3D%257C%257Cdes1%3DSuicide%257C%257Cope1%3DAND%26nb%3D226%26ref%3Dbib_6245c72844348&amp;source=gmail&amp;ust=1648878435265000&amp;usg=AOvVaw3859sFIHk_mNTFiAPOsyrC\">https:\/\/www.bib-bop.org\/base_bib\/bib_resu_rech.php?&amp;rech=a&amp;param=||tit=||aut=||ref=||lieninter=0||per=_||reg=22%2C5%2C14%2C12%2C21||cod=60%2C8%2C3%2C5%2C4%2C7%2C9%2C16%2C18%2C59%2C43%2C20%2C45%2C61%2C58%2C55%2C74%2C68%2C69%2C73%2C70%2C72%2C71%2C57%2C56%2C67||typ=T3V2cmFnZQ%3D%3D||ter=||des1=Suicide||ope1=AND&amp;nb=226&amp;ref=bib_6245c72844348<\/a><\/p>\n<p style=\"font-weight: 400;\">Et enfin le travail r\u00e9alis\u00e9 par le centre de doc de Saint-Anne\u00a0:<\/p>\n<p style=\"font-weight: 400;\"><a href=\"https:\/\/bibliotheques.ghu-paris.fr\/index.php?lvl=cmspage&amp;pageid=6&amp;id_rubrique=330\" data-saferedirecturl=\"https:\/\/www.google.com\/url?q=https:\/\/bibliotheques.ghu-paris.fr\/index.php?lvl%3Dcmspage%26pageid%3D6%26id_rubrique%3D330&amp;source=gmail&amp;ust=1648878435265000&amp;usg=AOvVaw1B7deUA8D8LKZ1xRbFhURK\">https:\/\/bibliotheques.ghu-paris.fr\/index.php?lvl=cmspage&amp;pageid=6&amp;id_rubrique=330<\/a><\/p>\n<\/div>\n<\/div><\/div><\/div><\/div><\/div>","protected":false},"excerpt":{"rendered":"<p>Journ\u00e9e nationale de pr\u00e9vention du suicide le 10\/09\/2022, publication EIPAS Signes d&rsquo;appel arr\u00eats de travail \u00e0 r\u00e9p\u00e9tition consultations m\u00e9dicales it\u00e9ratives pour douleurs ou fatigue conflits avec les coll\u00e8gues, la hi\u00e9rarchie, les proches insuffisance de soutien social sentiment d&rsquo;incapacit\u00e9, d&rsquo;inefficience ou d&rsquo;inutilit\u00e9 dans le travail et les relations sociales Diagnostic La crise suicidaire : &#8211; D\u00e9finitions [&hellip;]<\/p>\n","protected":false},"author":3,"featured_media":0,"parent":1619,"menu_order":0,"comment_status":"closed","ping_status":"closed","template":"","meta":{"footnotes":""},"class_list":["post-1926","page","type-page","status-publish","hentry"],"acf":[],"_links":{"self":[{"href":"https:\/\/www.eipas.org\/association\/wp-json\/wp\/v2\/pages\/1926","targetHints":{"allow":["GET"]}}],"collection":[{"href":"https:\/\/www.eipas.org\/association\/wp-json\/wp\/v2\/pages"}],"about":[{"href":"https:\/\/www.eipas.org\/association\/wp-json\/wp\/v2\/types\/page"}],"author":[{"embeddable":true,"href":"https:\/\/www.eipas.org\/association\/wp-json\/wp\/v2\/users\/3"}],"replies":[{"embeddable":true,"href":"https:\/\/www.eipas.org\/association\/wp-json\/wp\/v2\/comments?post=1926"}],"version-history":[{"count":2,"href":"https:\/\/www.eipas.org\/association\/wp-json\/wp\/v2\/pages\/1926\/revisions"}],"predecessor-version":[{"id":2621,"href":"https:\/\/www.eipas.org\/association\/wp-json\/wp\/v2\/pages\/1926\/revisions\/2621"}],"up":[{"embeddable":true,"href":"https:\/\/www.eipas.org\/association\/wp-json\/wp\/v2\/pages\/1619"}],"wp:attachment":[{"href":"https:\/\/www.eipas.org\/association\/wp-json\/wp\/v2\/media?parent=1926"}],"curies":[{"name":"wp","href":"https:\/\/api.w.org\/{rel}","templated":true}]}}