{"id":3,"date":"2022-01-31T18:27:30","date_gmt":"2022-01-31T17:27:30","guid":{"rendered":"https:\/\/www.eipas.org\/formations\/?page_id=3"},"modified":"2022-02-02T18:55:36","modified_gmt":"2022-02-02T17:55:36","slug":"politique-de-confidentialite","status":"publish","type":"page","link":"https:\/\/www.eipas.org\/formations\/politique-de-confidentialite\/","title":{"rendered":"Politique de confidentialit\u00e9 RGPD"},"content":{"rendered":"\r\n<h2 class=\"wp-block-heading\">Protection des donn\u00e9es personnelles<\/h2>\r\n<p>Afin de prodiguer la meilleure exp\u00e9rience possible, des contenus informatifs de qualit\u00e9, l\u2019acc\u00e8s \u00e0 des informations sp\u00e9cifiques tels que des ressources et tutoriaux, le visiteur du site peut \u00eatre amen\u00e9 \u00e0 renseigner des formulaires. Les informations recueillies font alors l\u2019objet d\u2019un traitement informatique rendu n\u00e9cessaire pour assurer le suivi commercial et marketing. Les destinataires des donn\u00e9es sont exclusivement les personnes travaillant pour l\u2019entreprise Eipas Formations.<\/p>\r\n<p>Conform\u00e9ment \u00e0 la loi \u00ab informatique et libert\u00e9s \u00bb du 6 janvier 1978 modifi\u00e9e en 2004, vous b\u00e9n\u00e9ficiez d\u2019un droit d\u2019acc\u00e8s et de rectification aux informations qui vous concernent, que vous pouvez exercer en vous adressant \u00e0 notre service support, via <a href=\"https:\/\/eipas.org\/contactez-nous\/\">ce formulaire<\/a>. Vous pouvez \u00e9galement, pour des motifs l\u00e9gitimes, vous opposer au traitement des donn\u00e9es vous concernant.<\/p>\r\n<p>Le R\u00e8glement G\u00e9n\u00e9ral de Protection des donn\u00e9es (RGPD) entrant en vigueur le 25 mai 2018, d\u00e9finit les principes \u00e0 respecter lors de la collecte, du traitement et de la conservation de donn\u00e9es personnelles. Ils garantit aussi les droits pour les personnes concern\u00e9es.<\/p>\r\n<p>Notre site https:\/\/eipas.org propose plusieurs formulaires afin de collecter les donn\u00e9es d\u2019un visiteur.<\/p>\r\n<h2>Objectif<\/h2>\r\n<p>Le recueil des donn\u00e9es donn\u00e9es sur notre site https:\/\/eipas.org a pour objectif de constituer un fichier de gestion des prospects et clients de notre soci\u00e9t\u00e9. Notre fichier est utilis\u00e9 pour contacter et proposer nos contenus aux personnes qui le d\u00e9sirent.<\/p>\r\n<p>Tous nos formulaires ont pour objectif soit une demande de contact, soit une demande de ressources (nos newsletters)<\/p>\r\n<h2>Pertinence des donn\u00e9es<\/h2>\r\n<p>Afin de suivre au mieux l\u2019int\u00e9r\u00eat port\u00e9 par les prospects et clients de Eipas Formations, le fichier recueille toutes informations des visiteurs du site https:\/\/eipas.org relatives \u00e0 l\u2019identit\u00e9, informations professionnelles et son activit\u00e9 sur le site https:\/\/eipas.org. Conform\u00e9ment \u00e0 la loi informatique et libert\u00e9s, les informations relevant des origines raciales ou ethniques, des opinions politiques, philosophiques ou religieuses, de l\u2019appartenance syndicale, de la sant\u00e9 ou de la vie sexuelle d\u2019une personne ne sont pas collect\u00e9es et sont interdites (donn\u00e9es sensibles).<\/p>\r\n<h2>Lic\u00e9it\u00e9 du traitement et conditions applicables au consentement (art.6 et art.7 du RGPD)<\/h2>\r\n<p>Le consentement du traitement de donn\u00e9es \u00e0 caract\u00e8re personnelle d\u2019un visiteur est syst\u00e9matiquement obtenu pour une ou plusieurs finalit\u00e9s sp\u00e9cifique. Par exemple, lors de la saisie d\u2019un formulaire d\u2019inscription \u00e0 la newsletter ou de t\u00e9l\u00e9chargement d\u2019une ressource, l\u2019obtention de l\u2019adresse email du visiteur a pour but de lui adresser une notification lors de nouvelles publications ou de lui proposer des ressources susceptibles de l\u2019int\u00e9resser.<\/p>\r\n<h2>Conservation des donn\u00e9es<\/h2>\r\n<p>Les donn\u00e9es recueillies sur le site https:\/\/eipas.org\/ sont conserv\u00e9es pour une dur\u00e9e maximale de 12 mois pour les contacts anonymes, apr\u00e8s la derni\u00e8re activit\u00e9 sur le site web par la personne. En revanche, pour les contacts identifi\u00e9s, les donn\u00e9es recueillies sur le site https:\/\/eipas.org\/ sont conserv\u00e9es pour une dur\u00e9e maximale de 36 mois. \u00c0 l\u2019issue de ces p\u00e9riodes, toutes les donn\u00e9es relatives \u00e0 la personne sont automatiquement supprim\u00e9es.<\/p>\r\n<h2>Droits des personnes (art.16 \u00e0 20 du RGPD)<\/h2>\r\n<p>Conform\u00e9ment \u00e0 la loi informatique et libert\u00e9s et au RGPD, toutes personnes peut exercer son droit d\u2019acc\u00e8s, de rectification, d\u2019opposition, \u00e0 la limitation des traitements, \u00e0 la suppression et la portabilit\u00e9 des donn\u00e9es le concernant en faisant la demande par courrier sign\u00e9 et accompagn\u00e9 de la copie d\u2019un titre d\u2019identit\u00e9 \u00e0 l\u2019adresse du si\u00e8ge social de Eipas Formations.<\/p>\r\n<p>Le responsable du fichier, Chlo\u00e9 Alexander, effectuera une r\u00e9ponse au plus tard dans le mois suivant la demande d\u2019acc\u00e8s ou de rectification.<\/p>\r\n<h2>S\u00e9curit\u00e9 des donn\u00e9es et traitements (art.32 du RGPD)<\/h2>\r\n<p>Les donn\u00e9es recueillies sur le site https:\/\/eipas.org\/ sont h\u00e9berg\u00e9es par la soci\u00e9t\u00e9 Mailjet. Seules les personnes li\u00e9es au service technique, marketing et commercial de Eipas Formations ont acc\u00e8s aux informations recueillies sur le site https:\/\/eipas.org\/, via un identifiant personnel et unique \u00e0 la plateforme Mailjet.<\/p>\r\n<h2>Atteinte aux donn\u00e9es et communication sous 72h (art.33 et art.34 du RGPD)<\/h2>\r\n<p>En cas de violation ou suspicion de violation de donn\u00e9es \u00e0 caract\u00e8res personnels, Eipas Formations et ses sous-traitants notifieront la CNIL, 72h au plus tard, apr\u00e8s en avoir pris connaissance.<\/p>\r\n","protected":false},"excerpt":{"rendered":"<p>Protection des donn\u00e9es personnelles Afin de prodiguer la meilleure exp\u00e9rience possible, des contenus informatifs de qualit\u00e9, l\u2019acc\u00e8s \u00e0 des informations sp\u00e9cifiques tels que des ressources et tutoriaux, le visiteur du site peut \u00eatre amen\u00e9 \u00e0 renseigner des formulaires. Les informations recueillies font alors l\u2019objet d\u2019un traitement informatique rendu n\u00e9cessaire pour assurer le suivi commercial et [&hellip;]<\/p>\n","protected":false},"author":1,"featured_media":0,"parent":0,"menu_order":0,"comment_status":"closed","ping_status":"closed","template":"","meta":{"footnotes":""},"class_list":["post-3","page","type-page","status-publish","hentry"],"acf":[],"_links":{"self":[{"href":"https:\/\/www.eipas.org\/formations\/wp-json\/wp\/v2\/pages\/3","targetHints":{"allow":["GET"]}}],"collection":[{"href":"https:\/\/www.eipas.org\/formations\/wp-json\/wp\/v2\/pages"}],"about":[{"href":"https:\/\/www.eipas.org\/formations\/wp-json\/wp\/v2\/types\/page"}],"author":[{"embeddable":true,"href":"https:\/\/www.eipas.org\/formations\/wp-json\/wp\/v2\/users\/1"}],"replies":[{"embeddable":true,"href":"https:\/\/www.eipas.org\/formations\/wp-json\/wp\/v2\/comments?post=3"}],"version-history":[{"count":2,"href":"https:\/\/www.eipas.org\/formations\/wp-json\/wp\/v2\/pages\/3\/revisions"}],"predecessor-version":[{"id":696,"href":"https:\/\/www.eipas.org\/formations\/wp-json\/wp\/v2\/pages\/3\/revisions\/696"}],"wp:attachment":[{"href":"https:\/\/www.eipas.org\/formations\/wp-json\/wp\/v2\/media?parent=3"}],"curies":[{"name":"wp","href":"https:\/\/api.w.org\/{rel}","templated":true}]}}