{"id":422,"date":"2022-01-31T22:02:48","date_gmt":"2022-01-31T21:02:48","guid":{"rendered":"https:\/\/www.eipas.org\/formations\/?page_id=422"},"modified":"2025-01-14T18:38:15","modified_gmt":"2025-01-14T17:38:15","slug":"accueil","status":"publish","type":"page","link":"https:\/\/www.eipas.org\/formations\/","title":{"rendered":"Accueil"},"content":{"rendered":"<div id=\"pl-422\"  class=\"panel-layout\" ><div id=\"pg-422-0\"  class=\"panel-grid panel-no-style\" ><div id=\"pgc-422-0-0\"  class=\"panel-grid-cell\" ><div id=\"panel-422-0-0-0\" class=\"so-panel widget widget_sow-editor panel-first-child panel-last-child\" data-index=\"0\" ><div class=\"so-widget-sow-editor so-widget-sow-editor-base\">\n<div class=\"siteorigin-widget-tinymce textwidget\">\n\t<h3><strong>EN 2024 : 404 stagiaires form\u00e9s avec EIPAS<\/strong><\/h3>\n<\/div>\n<\/div><\/div><\/div><div id=\"pgc-422-0-1\"  class=\"panel-grid-cell\" ><div id=\"panel-422-0-1-0\" class=\"so-panel widget widget_sow-editor panel-first-child panel-last-child\" data-index=\"1\" ><div class=\"so-widget-sow-editor so-widget-sow-editor-base\">\n<div class=\"siteorigin-widget-tinymce textwidget\">\n\t<h3><span style=\"color: #ff9900;\"><strong>97% des stagiaires satisfaits \u00e0 tr\u00e8s satisfaits<\/strong><\/span><\/h3>\n<\/div>\n<\/div><\/div><\/div><div id=\"pgc-422-0-2\"  class=\"panel-grid-cell\" ><div id=\"panel-422-0-2-0\" class=\"so-panel widget widget_sow-editor panel-first-child panel-last-child\" data-index=\"2\" ><div class=\"so-widget-sow-editor so-widget-sow-editor-base\">\n<div class=\"siteorigin-widget-tinymce textwidget\">\n\t<h3><span style=\"color: #ff9900;\"><strong>97% des stagiaires convaincus d'adapter leur fa\u00e7on de travailler<\/strong><\/span><\/h3>\n<\/div>\n<\/div><\/div><\/div><\/div><div id=\"pg-422-1\"  class=\"panel-grid panel-has-style\" ><div class=\"siteorigin-panels-stretch panel-row-style panel-row-style-for-422-1\" data-stretch-type=\"full\" ><div id=\"pgc-422-1-0\"  class=\"panel-grid-cell\" ><div id=\"panel-422-1-0-0\" class=\"so-panel widget widget_sow-hero panel-first-child panel-last-child\" data-index=\"3\" ><div class=\"so-widget-sow-hero so-widget-sow-hero-default-714ce8d5abbf-422 so-widget-fittext-wrapper\" data-fit-text-compressor=\"0.85\"><div class=\"sow-slider-base\" style=\"display: none\"><ul class=\"sow-slider-images\" data-settings=\"{&quot;pagination&quot;:true,&quot;speed&quot;:800,&quot;timeout&quot;:8000,&quot;paused&quot;:true,&quot;pause_on_hover&quot;:false,&quot;swipe&quot;:true,&quot;nav_always_show_desktop&quot;:&quot;&quot;,&quot;nav_always_show_mobile&quot;:&quot;&quot;,&quot;breakpoint&quot;:&quot;780px&quot;,&quot;unmute&quot;:false,&quot;anchor&quot;:null}\">\t\t<li class=\"sow-slider-image\" style=\"\" >\n\t\t\t\t\t<div class=\"sow-slider-image-container\">\n\t\t\t<div class=\"sow-slider-image-wrapper\">\n\t\t\t\t<h2 style=\"text-align: center\"><span style=\"color: #333333\"><em>\"Se former : un investissement aujourd'hui pour s'\u00e9panouir au travail d\u00e8s demain.\" <\/em><\/span><\/h2>\n\t\t\t<\/div>\n\t\t<\/div>\n\t\t\t\t<\/li>\n\t\t<\/ul>\t\t\t\t<ol class=\"sow-slider-pagination\">\n\t\t\t\t\t\t\t\t\t\t\t<li><a href=\"#\" data-goto=\"0\" aria-label=\"afficher la diapositive 1\"><\/a><\/li>\n\t\t\t\t\t\t\t\t\t<\/ol>\n\n\t\t\t\t<div class=\"sow-slide-nav sow-slide-nav-next\">\n\t\t\t\t\t<a href=\"#\" data-goto=\"next\" aria-label=\"diapositive suivante\" data-action=\"next\">\n\t\t\t\t\t\t<em class=\"sow-sld-icon-thin-right\"><\/em>\n\t\t\t\t\t<\/a>\n\t\t\t\t<\/div>\n\n\t\t\t\t<div class=\"sow-slide-nav sow-slide-nav-prev\">\n\t\t\t\t\t<a href=\"#\" data-goto=\"previous\" aria-label=\"diapositive pr\u00e9c\u00e9dente\" data-action=\"prev\">\n\t\t\t\t\t\t<em class=\"sow-sld-icon-thin-left\"><\/em>\n\t\t\t\t\t<\/a>\n\t\t\t\t<\/div>\n\t\t\t\t<\/div><\/div><\/div><\/div><\/div><\/div><div id=\"pg-422-2\"  class=\"panel-grid panel-no-style\" ><div id=\"pgc-422-2-0\"  class=\"panel-grid-cell\" ><div id=\"panel-422-2-0-0\" class=\"so-panel widget widget_sow-editor panel-first-child panel-last-child\" data-index=\"4\" ><div class=\"so-widget-sow-editor so-widget-sow-editor-base\">\n<div class=\"siteorigin-widget-tinymce textwidget\">\n\t<p><iframe loading=\"lazy\" title=\"Accompagnement des Entreprises avec EIPAS, le management et les RPS\" width=\"500\" height=\"375\" src=\"https:\/\/www.youtube.com\/embed\/eFV8HFQSFEQ?feature=oembed\" frameborder=\"0\" allow=\"accelerometer; autoplay; clipboard-write; encrypted-media; gyroscope; picture-in-picture; web-share\" referrerpolicy=\"strict-origin-when-cross-origin\" allowfullscreen><\/iframe><\/p>\n<p>&nbsp;<\/p>\n<\/div>\n<\/div><\/div><\/div><div id=\"pgc-422-2-1\"  class=\"panel-grid-cell\" ><div id=\"panel-422-2-1-0\" class=\"so-panel widget widget_sow-editor panel-first-child panel-last-child\" data-index=\"5\" ><div class=\"so-widget-sow-editor so-widget-sow-editor-base\">\n<div class=\"siteorigin-widget-tinymce textwidget\">\n\t<p><iframe loading=\"lazy\" title=\"La Qualit\u00e9 de Vie et des Conditions de Travail avec EIPAS\" width=\"500\" height=\"375\" src=\"https:\/\/www.youtube.com\/embed\/1xVTEScZVlQ?feature=oembed\" frameborder=\"0\" allow=\"accelerometer; autoplay; clipboard-write; encrypted-media; gyroscope; picture-in-picture; web-share\" referrerpolicy=\"strict-origin-when-cross-origin\" allowfullscreen><\/iframe><\/p>\n<p>&nbsp;<\/p>\n<\/div>\n<\/div><\/div><\/div><\/div><div id=\"pg-422-3\"  class=\"panel-grid panel-has-style\" ><div class=\"my-flex-align-items-stretch colonne-blue panel-row-style panel-row-style-for-422-3\" ><div id=\"pgc-422-3-0\"  class=\"panel-grid-cell\" ><div id=\"panel-422-3-0-0\" class=\"so-panel widget widget_sow-editor panel-first-child\" data-index=\"6\" ><div class=\"panel-widget-style panel-widget-style-for-422-3-0-0\" ><div class=\"so-widget-sow-editor so-widget-sow-editor-base\"><h3 class=\"widget-title\">Formations tous publics<\/h3>\n<div class=\"siteorigin-widget-tinymce textwidget\">\n\t<p>EIPAS met \u00e0 votre disposition des outils pour mieux vivre au travail.<\/p>\n<p>Nos formateurs sont des psychologues dipl\u00f4m\u00e9s et des professionnels certifi\u00e9s.<\/p>\n<\/div>\n<\/div><\/div><\/div><div id=\"panel-422-3-0-1\" class=\"so-panel widget widget_sow-button panel-last-child\" data-index=\"7\" ><div class=\"panel-widget-style panel-widget-style-for-422-3-0-1\" ><div class=\"so-widget-sow-button so-widget-sow-button-flat-6b61134083f2-422\"><div class=\"ow-button-base ow-button-align-center\">\n\t<a href=\"https:\/\/www.eipas.org\/formations\/inscription-formations-intra-et-sur-mesure\/\" class=\"ow-icon-placement-left ow-button-hover\" \t\t>\n\t\t<span>\n\t\t\t\n\t\t\tConsulter les formations\t\t<\/span>\n\t<\/a>\n<\/div>\n<\/div><\/div><\/div><\/div><div id=\"pgc-422-3-1\"  class=\"panel-grid-cell\" ><div id=\"panel-422-3-1-0\" class=\"so-panel widget widget_sow-editor panel-first-child\" data-index=\"8\" ><div class=\"panel-widget-style panel-widget-style-for-422-3-1-0\" ><div class=\"so-widget-sow-editor so-widget-sow-editor-base\"><h3 class=\"widget-title\">Formations Managers et Pr\u00e9venteurs <\/h3>\n<div class=\"siteorigin-widget-tinymce textwidget\">\n\t<p>EIPAS est le support des entreprises pour:<\/p>\n<ul>\n<li>promouvoir la QVT &amp; pr\u00e9venir les RPS<\/li>\n<li><span style=\"font-size: 1rem;\">mettre en avant les valeurs humaines et <\/span>optimiser le fonctionnement collectif <span style=\"font-size: 1rem;\">dans vos \u00e9quipes.<\/span><\/li>\n<li>r\u00e9pondre aux obligations l\u00e9gales mati\u00e8re de formation et donner les outils aux r\u00e9f\u00e9rents pour leurs actions de pr\u00e9vention.<\/li>\n<\/ul>\n<\/div>\n<\/div><\/div><\/div><div id=\"panel-422-3-1-1\" class=\"so-panel widget widget_sow-button panel-last-child\" data-index=\"9\" ><div class=\"panel-widget-style panel-widget-style-for-422-3-1-1\" ><div class=\"so-widget-sow-button so-widget-sow-button-flat-6b61134083f2-422\"><div class=\"ow-button-base ow-button-align-center\">\n\t<a href=\"https:\/\/www.eipas.org\/formations\/inscription-formations-intra-et-sur-mesure\/\" class=\"ow-icon-placement-left ow-button-hover\" \t\t>\n\t\t<span>\n\t\t\t\n\t\t\tConsulter les formations\t\t<\/span>\n\t<\/a>\n<\/div>\n<\/div><\/div><\/div><\/div><div id=\"pgc-422-3-2\"  class=\"panel-grid-cell\" ><div id=\"panel-422-3-2-0\" class=\"so-panel widget widget_sow-editor panel-first-child\" data-index=\"10\" ><div class=\"panel-widget-style panel-widget-style-for-422-3-2-0\" ><div class=\"so-widget-sow-editor so-widget-sow-editor-base\"><h3 class=\"widget-title\">Formations<br \/>sur-mesure<\/h3>\n<div class=\"siteorigin-widget-tinymce textwidget\">\n\t<p>EIPAS s'adapte \u00e0 vos besoins:<\/p>\n<ul>\n<li>contenu<\/li>\n<li>dur\u00e9e<\/li>\n<li>modalit\u00e9s en Visio ou en Pr\u00e9sentiel<\/li>\n<li>\u2026<\/li>\n<\/ul>\n<p>&nbsp;<\/p>\n<\/div>\n<\/div><\/div><\/div><div id=\"panel-422-3-2-1\" class=\"so-panel widget widget_sow-button panel-last-child\" data-index=\"11\" ><div class=\"panel-widget-style panel-widget-style-for-422-3-2-1\" ><div class=\"so-widget-sow-button so-widget-sow-button-flat-6b61134083f2-422\"><div class=\"ow-button-base ow-button-align-center\">\n\t<a href=\"https:\/\/www.eipas.org\/formations\/inscription-formations-intra-et-sur-mesure\/\" class=\"ow-icon-placement-left ow-button-hover\" \t\t>\n\t\t<span>\n\t\t\t\n\t\t\tConsulter les formations\t\t<\/span>\n\t<\/a>\n<\/div>\n<\/div><\/div><\/div><\/div><\/div><\/div><div id=\"pg-422-4\"  class=\"panel-grid panel-has-style\" ><div class=\"panel-row-style panel-row-style-for-422-4\" ><div id=\"pgc-422-4-0\"  class=\"panel-grid-cell\" ><div id=\"panel-422-4-0-0\" class=\"so-panel widget widget_sow-headline panel-first-child\" data-index=\"12\" ><div class=\"so-widget-sow-headline so-widget-sow-headline-default-ff1f7ef90088-422 so-widget-fittext-wrapper\" data-fit-text-compressor=\"0.85\"><div class=\"sow-headline-container \">\n\t<h2 class='sow-headline'>Qualit\u00e9<\/h2><\/div><\/div><\/div><div id=\"panel-422-4-0-1\" class=\"so-panel widget widget_sow-features panel-last-child\" data-index=\"13\" ><div class=\"flex-justify-content panel-widget-style panel-widget-style-for-422-4-0-1\" ><div class=\"so-widget-sow-features so-widget-sow-features-default-009f51564a3a-422\">\n<div class=\"sow-features-list sow-features-responsive\">\n\n\t\t\t\n\t\t\t<div class=\"sow-features-feature sow-icon-container-position-top sow-features-feature-last-row\" style=\"width: 33.333%\">\n\n\t\t\t\t\t\t\t\t<div\n\t\t\t\t\tclass=\"sow-icon-container sow-container-round\"\n                    style=\"color: #ffffff; \"\n\t\t\t\t\t>\n\t\t\t\t\t<div class=\"sow-icon-image\" style=\"background-image: url(https:\/\/www.eipas.org\/formations\/wp-content\/uploads\/2024\/11\/Screenshot-2024-11-21-at-16-53-47-Presentation-PowerPoint-charte_qualiopi.jpg); font-size: 100px\"><\/div>\t\t\t\t<\/div>\n\t\t\t\t\n\t\t\t\t<div class=\"textwidget\">\n\t\t\t\t\t\t\t\t\t\t\t<h5>\n\t\t\t\t\t\t\t\n\t\t\t\t\t\t\tCertification\t\t\t\t\t\t\t\t\t\t\t\t\t<\/h5>\n\t\t\t\t\t\n\t\t\t\t\t\t\t\t\t\t\t<p>EIPAS est certifi\u00e9 <a href=\"https:\/\/www.eipas.org\/formations\/wp-content\/uploads\/2024\/07\/2024-EIPAS-CARTIFICAT-ICERT-rev03.pdf.pdf\" target=\"_blank\" rel=\"noopener\"><strong>Qualiopi<\/strong><\/a> pour les actions de formation depuis 2020.<br \/>\nStatistiques : <a href=\"https:\/\/www.eipas.org\/formations\/wp-content\/uploads\/2025\/01\/Satisfaction-stagiaires-export-31-12-2024.pdf\">Satisfaction stagiaires (export 31-12-2024)<\/a><\/p>\n\t\t\t\t\t\n\t\t\t\t\t\t\t\t\t<\/div>\n\t\t\t\t\t\t\t<\/div>\n\n\t\t\n\t\t\t<div class=\"sow-features-feature sow-icon-container-position-top sow-features-feature-last-row\" style=\"width: 33.333%\">\n\n\t\t\t\t\t\t\t\t<div\n\t\t\t\t\tclass=\"sow-icon-container sow-container-round\"\n                    style=\"color: #21abab; \"\n\t\t\t\t\t>\n\t\t\t\t\t<span class=\"sow-icon-fontawesome sow-fas\" data-sow-icon=\"&#xf2b5;\"\n\t\tstyle=\"font-size: 100px; color: #000000\" ><\/span>\t\t\t\t<\/div>\n\t\t\t\t\n\t\t\t\t<div class=\"textwidget\">\n\t\t\t\t\t\t\t\t\t\t\t<h5>\n\t\t\t\t\t\t\t\n\t\t\t\t\t\t\tFormateurs experts\t\t\t\t\t\t\t\t\t\t\t\t\t<\/h5>\n\t\t\t\t\t\n\t\t\t\t\t\t\t\t\t\t\t<p>Tous les <strong><a href=\"https:\/\/www.eipas.org\/formations\/qui-sommes-nous\/nos-formateurs\/\" target=\"_blank\" rel=\"noopener\">formateurs EIPAS<\/a><\/strong> sont dipl\u00f4m\u00e9s et\/ou certifi\u00e9s.<\/p>\n\t\t\t\t\t\n\t\t\t\t\t\t\t\t\t<\/div>\n\t\t\t\t\t\t\t<\/div>\n\n\t\t\t\n<\/div>\n<\/div><\/div><\/div><\/div><\/div><\/div><div id=\"pg-422-5\"  class=\"panel-grid panel-has-style\" ><div class=\"siteorigin-panels-stretch panel-row-style panel-row-style-for-422-5\" data-stretch-type=\"full\" ><div id=\"pgc-422-5-0\"  class=\"panel-grid-cell\" ><div id=\"panel-422-5-0-0\" class=\"so-panel widget widget_sow-features panel-first-child panel-last-child\" data-index=\"14\" ><div class=\"so-widget-sow-features so-widget-sow-features-default-eb1f5dd73f01-422\">\n<div class=\"sow-features-list sow-features-responsive\">\n\n\t\t\t\n\t\t\t<div class=\"sow-features-feature sow-icon-container-position-top sow-features-feature-last-row\" style=\"width: 33.333%\">\n\n\t\t\t\t\t\t\t\t<div\n\t\t\t\t\tclass=\"sow-icon-container sow-container-none\"\n                    style=\"color: #404040; \"\n\t\t\t\t\t>\n\t\t\t\t\t<span class=\"sow-icon-fontawesome sow-fas\" data-sow-icon=\"&#xf2a3;\"\n\t\tstyle=\"font-size: 75px; color: #333333\" ><\/span>\t\t\t\t<\/div>\n\t\t\t\t\n\t\t\t\t<div class=\"textwidget\">\n\t\t\t\t\t\t\t\t\t\t\t<h5>\n\t\t\t\t\t\t\t\n\t\t\t\t\t\t\tTarifs et CGV\t\t\t\t\t\t\t\t\t\t\t\t\t<\/h5>\n\t\t\t\t\t\n\t\t\t\t\t\t\t\t\t\t\t<p><a href=\"https:\/\/www.eipas.org\/formations\/qui-sommes-nous\/tarifscgv\/\" target=\"_blank\" rel=\"noopener\">Tarifs et CGV<\/a><\/p>\n\t\t\t\t\t\n\t\t\t\t\t\t\t\t\t<\/div>\n\t\t\t\t\t\t\t<\/div>\n\n\t\t\n\t\t\t<div class=\"sow-features-feature sow-icon-container-position-top sow-features-feature-last-row\" style=\"width: 33.333%\">\n\n\t\t\t\t\t\t\t\t<div\n\t\t\t\t\tclass=\"sow-icon-container sow-container-none\"\n                    style=\"color: #404040; \"\n\t\t\t\t\t>\n\t\t\t\t\t<span class=\"sow-icon-fontawesome sow-fas\" data-sow-icon=\"&#xf0e3;\"\n\t\tstyle=\"font-size: 75px; color: #333333\" ><\/span>\t\t\t\t<\/div>\n\t\t\t\t\n\t\t\t\t<div class=\"textwidget\">\n\t\t\t\t\t\t\t\t\t\t\t<h5>\n\t\t\t\t\t\t\t\n\t\t\t\t\t\t\tLes formations EIPAS vous aident \u00e0 remplir vos obligations l\u00e9gales &amp; r\u00e9glementaires\t\t\t\t\t\t\t\t\t\t\t\t\t<\/h5>\n\t\t\t\t\t\n\t\t\t\t\t\t\t\t\t\t\t<p>Pr\u00e9vention des RPS: <a class=\"spip_out external\" title=\"articles L 4121-1 \u00e0 5 du code du travail (nouvelle fen\u00eatre)\" href=\"https:\/\/www.legifrance.gouv.fr\/codes\/id\/LEGISCTA000006178066\/\" target=\"_blank\" rel=\"external noopener noreferrer\">articles L 4121-1 \u00e0 5 du code du travail<\/a><\/p>\n<p>Harc\u00e8lement sexuel: <a href=\"https:\/\/www.legifrance.gouv.fr\/codes\/article_lc\/LEGIARTI000037389712#:~:text=Version%20en%20vigueur%20depuis%20le%2001%20janvier%202019&amp;text=L'employeur%20prend%20toutes%20dispositions,terme%20et%20de%20les%20sanctionner.\" target=\"_blank\" rel=\"noopener\">article L1153-5 du code du travail<\/a> &amp; Discriminations: <a href=\"https:\/\/www.legifrance.gouv.fr\/codes\/section_lc\/LEGITEXT000006072050\/LEGISCTA000006160704\/\" target=\"_blank\" rel=\"noopener\">articles L1131-1 \u00e0 L1134-10<\/a><\/p>\n\t\t\t\t\t\n\t\t\t\t\t\t\t\t\t<\/div>\n\t\t\t\t\t\t\t<\/div>\n\n\t\t\n\t\t\t<div class=\"sow-features-feature sow-icon-container-position-top sow-features-feature-last-row\" style=\"width: 33.333%\">\n\n\t\t\t\t\t\t\t\t<div\n\t\t\t\t\tclass=\"sow-icon-container sow-container-none\"\n                    style=\"color: #404040; \"\n\t\t\t\t\t>\n\t\t\t\t\t<span class=\"sow-icon-icomoon\" data-sow-icon=\"&#xe934;\"\n\t\tstyle=\"font-size: 75px; color: #333333\" ><\/span>\t\t\t\t<\/div>\n\t\t\t\t\n\t\t\t\t<div class=\"textwidget\">\n\t\t\t\t\t\t\t\t\t\t\t<h5>\n\t\t\t\t\t\t\t\n\t\t\t\t\t\t\tInscrivez-vous gratuitement \u00e0 notre newsletter\t\t\t\t\t\t\t\t\t\t\t\t\t<\/h5>\n\t\t\t\t\t\n\t\t\t\t\t\t\t\t\t\t\t<p>\"Se former pour mieux vivre au travail\"\u00a0 \u00a0 \u00a0 \u00a0 format trimestriel<\/p>\n<p>B\u00e9n\u00e9ficiez des derni\u00e8res informations, places disponibles, presse, nouveaut\u00e9s\u2026<\/p>\n\t\t\t\t\t\n\t\t\t\t\t\t\t\t\t<\/div>\n\t\t\t\t\t\t\t<\/div>\n\n\t\t\t\n<\/div>\n<\/div><\/div><\/div><\/div><\/div><div id=\"pg-422-6\"  class=\"panel-grid panel-has-style\" ><div class=\"siteorigin-panels-stretch panel-row-style panel-row-style-for-422-6\" data-stretch-type=\"full-stretched\" ><div id=\"pgc-422-6-0\"  class=\"panel-grid-cell\" ><div id=\"panel-422-6-0-0\" class=\"so-panel widget widget_sow-hero panel-first-child\" data-index=\"15\" ><div class=\"so-widget-sow-hero so-widget-sow-hero-default-9e61eda188bf-422 so-widget-fittext-wrapper\" data-fit-text-compressor=\"0.85\"><div class=\"sow-slider-base\" style=\"display: none\"><ul class=\"sow-slider-images\" data-settings=\"{&quot;pagination&quot;:true,&quot;speed&quot;:800,&quot;timeout&quot;:8000,&quot;paused&quot;:true,&quot;pause_on_hover&quot;:false,&quot;swipe&quot;:true,&quot;nav_always_show_desktop&quot;:&quot;&quot;,&quot;nav_always_show_mobile&quot;:&quot;&quot;,&quot;breakpoint&quot;:&quot;780px&quot;,&quot;unmute&quot;:false,&quot;anchor&quot;:null}\">\t\t<li class=\"sow-slider-image  sow-slider-image-cover\" style=\"background-color: #413c35\" >\n\t\t\t\t\t<div class=\"sow-slider-image-container\">\n\t\t\t<div class=\"sow-slider-image-wrapper\">\n\t\t\t\t<h1 style=\"text-align: center\">ils nous font confiance<\/h1>\n<h5 style=\"text-align: center\">liste des partenaires<\/h5>\n<div class=\"sow-hero-buttons\" style=\"text-align: center\"><div class=\"so-widget-sow-button so-widget-sow-button-flat-34ec1d84a032\"><div class=\"ow-button-base ow-button-align-center\">\n\t<a href=\"https:\/\/www.eipas.org\/formations\/partenaires\/\" class=\"ow-icon-placement-left ow-button-hover\" \t\t>\n\t\t<span>\n\t\t\t\n\t\t\tVOIR\t\t<\/span>\n\t<\/a>\n<\/div>\n<\/div><\/div>\n\t\t\t<\/div>\n\t\t<\/div>\n\t\t<div class=\"sow-slider-image-overlay sow-slider-image-cover\" style=\"background-image: url(https:\/\/www.eipas.org\/formations\/wp-content\/uploads\/2022\/02\/Capture-decran-2022-02-24-a-10.36.29.png);opacity: 0.35\"  ><\/div>\t\t<\/li>\n\t\t<\/ul>\t\t\t\t<ol class=\"sow-slider-pagination\">\n\t\t\t\t\t\t\t\t\t\t\t<li><a href=\"#\" data-goto=\"0\" aria-label=\"afficher la diapositive 1\"><\/a><\/li>\n\t\t\t\t\t\t\t\t\t<\/ol>\n\n\t\t\t\t<div class=\"sow-slide-nav sow-slide-nav-next\">\n\t\t\t\t\t<a href=\"#\" data-goto=\"next\" aria-label=\"diapositive suivante\" data-action=\"next\">\n\t\t\t\t\t\t<em class=\"sow-sld-icon-thin-right\"><\/em>\n\t\t\t\t\t<\/a>\n\t\t\t\t<\/div>\n\n\t\t\t\t<div class=\"sow-slide-nav sow-slide-nav-prev\">\n\t\t\t\t\t<a href=\"#\" data-goto=\"previous\" aria-label=\"diapositive pr\u00e9c\u00e9dente\" data-action=\"prev\">\n\t\t\t\t\t\t<em class=\"sow-sld-icon-thin-left\"><\/em>\n\t\t\t\t\t<\/a>\n\t\t\t\t<\/div>\n\t\t\t\t<\/div><\/div><\/div><div id=\"panel-422-6-0-1\" class=\"so-panel widget widget_sow-headline panel-last-child\" data-index=\"16\" ><div class=\"so-widget-sow-headline so-widget-sow-headline-default-b3bceefc948f-422 so-widget-fittext-wrapper\" data-fit-text-compressor=\"0.85\"><div class=\"sow-headline-container \">\n\t<h2 class='sow-headline'>\t\t\t\t\t\t<a href=\"https:\/\/www.eipas.org\/formations\/formation\/la-demarche-qvt-la-comprendre-et-la-preparer\/\" >\n\t\t\t\t\tLa formation, un levier strat\u00e9gique pour am\u00e9liorer la QVCT en entreprise<\/a><\/h2><\/div><\/div><\/div><\/div><\/div><\/div><div id=\"pg-422-7\"  class=\"panel-grid panel-has-style\" ><div class=\"siteorigin-panels-stretch panel-row-style panel-row-style-for-422-7\" data-stretch-type=\"full\" ><div id=\"pgc-422-7-0\"  class=\"panel-grid-cell\" ><div id=\"panel-422-7-0-0\" class=\"so-panel widget widget_sow-headline panel-first-child\" data-index=\"17\" ><div class=\"so-widget-sow-headline so-widget-sow-headline-default-b3bceefc948f-422 so-widget-fittext-wrapper\" data-fit-text-compressor=\"0.85\"><div class=\"sow-headline-container \">\n\t<h2 class='sow-headline'>LES FORMATIONS<\/h2><\/div><\/div><\/div><div id=\"panel-422-7-0-1\" class=\"so-panel widget widget_sow-editor panel-last-child\" data-index=\"18\" ><div class=\"so-widget-sow-editor so-widget-sow-editor-base\">\n<div class=\"siteorigin-widget-tinymce textwidget\">\n\t<p>[carousel_formations]<\/p>\n<\/div>\n<\/div><\/div><\/div><\/div><\/div><\/div>","protected":false},"excerpt":{"rendered":"<p>EN 2024 : 404 stagiaires form\u00e9s avec EIPAS 97% des stagiaires satisfaits \u00e0 tr\u00e8s satisfaits 97% des stagiaires convaincus d&rsquo;adapter leur fa\u00e7on de travailler<\/p>\n","protected":false},"author":1,"featured_media":0,"parent":0,"menu_order":0,"comment_status":"closed","ping_status":"closed","template":"frontpage.php","meta":{"footnotes":""},"class_list":["post-422","page","type-page","status-publish","hentry"],"acf":[],"_links":{"self":[{"href":"https:\/\/www.eipas.org\/formations\/wp-json\/wp\/v2\/pages\/422","targetHints":{"allow":["GET"]}}],"collection":[{"href":"https:\/\/www.eipas.org\/formations\/wp-json\/wp\/v2\/pages"}],"about":[{"href":"https:\/\/www.eipas.org\/formations\/wp-json\/wp\/v2\/types\/page"}],"author":[{"embeddable":true,"href":"https:\/\/www.eipas.org\/formations\/wp-json\/wp\/v2\/users\/1"}],"replies":[{"embeddable":true,"href":"https:\/\/www.eipas.org\/formations\/wp-json\/wp\/v2\/comments?post=422"}],"version-history":[{"count":412,"href":"https:\/\/www.eipas.org\/formations\/wp-json\/wp\/v2\/pages\/422\/revisions"}],"predecessor-version":[{"id":2241,"href":"https:\/\/www.eipas.org\/formations\/wp-json\/wp\/v2\/pages\/422\/revisions\/2241"}],"wp:attachment":[{"href":"https:\/\/www.eipas.org\/formations\/wp-json\/wp\/v2\/media?parent=422"}],"curies":[{"name":"wp","href":"https:\/\/api.w.org\/{rel}","templated":true}]}}