{"id":477,"date":"2022-02-01T12:22:51","date_gmt":"2022-02-01T11:22:51","guid":{"rendered":"https:\/\/www.eipas.org\/formations\/?page_id=477"},"modified":"2025-12-08T11:55:35","modified_gmt":"2025-12-08T10:55:35","slug":"formations-inter","status":"publish","type":"page","link":"https:\/\/www.eipas.org\/formations\/nos-formations\/formations-inter\/","title":{"rendered":"Formation inter-entreprises"},"content":{"rendered":"<div id=\"pl-477\"  class=\"panel-layout\"><div id=\"pg-477-0\"  class=\"panel-grid panel-no-style\"><div id=\"pgc-477-0-0\"  class=\"panel-grid-cell\"><div id=\"panel-477-0-0-0\" class=\"so-panel widget widget_sow-editor panel-first-child\" data-index=\"0\"><div class=\"so-widget-sow-editor so-widget-sow-editor-base\"><h3 class=\"widget-title\">janvier \u00e0 juillet 2026<\/h3>\n<div class=\"siteorigin-widget-tinymce textwidget\">\n\t<p><em><span style=\"color: #008080;\"><strong><a href=\"https:\/\/www.eipas.org\/formations\/wp-content\/uploads\/2025\/12\/formation-inter-2026.pdf\">CALENDRIER FORMATION INTER 2026<\/a> <\/strong>Dans les locaux EIPAS Clermont-Ferrand, 16E rue Gaultier de Biauzat 63000 Clermont-Ferrand<\/span><\/em><\/p>\n<p><span style=\"color: #003366; font-size: 1rem;\">(Si ces dates ne vous conviennent pas, contactez-nous : d'autres cr\u00e9neaux sont possibles)<\/span><\/p><\/div><\/div><\/div><\/div><\/div><\/div><p> <a href=\"https:\/\/www.eipas.org\/formations\/nos-formations\/formations-inter\/#more-477\" class=\"more-link\">Lire la suite<\/a><\/p>","protected":false},"excerpt":{"rendered":"<p>CALENDRIER FORMATION INTER 2026 Dans les locaux EIPAS Clermont-Ferrand, 16E rue Gaultier de Biauzat 63000 Clermont-Ferrand (Si ces dates ne vous conviennent pas, contactez-nous : d&rsquo;autres cr\u00e9neaux sont possibles) JANVIER 2026 Communication inclusive : ma\u00eetriser le FAcile \u00e0 Lire et \u00e0 Comprendre (FALC) 1j\u00a0NEW : 29\/01 FEVRIER 2026 Manager les personnalit\u00e9s difficiles 2j 1\/2 * [&hellip;]<\/p>\n","protected":false},"author":1,"featured_media":0,"parent":480,"menu_order":0,"comment_status":"closed","ping_status":"closed","template":"","meta":{"footnotes":""},"class_list":["post-477","page","type-page","status-publish","hentry"],"acf":[],"_links":{"self":[{"href":"https:\/\/www.eipas.org\/formations\/wp-json\/wp\/v2\/pages\/477","targetHints":{"allow":["GET"]}}],"collection":[{"href":"https:\/\/www.eipas.org\/formations\/wp-json\/wp\/v2\/pages"}],"about":[{"href":"https:\/\/www.eipas.org\/formations\/wp-json\/wp\/v2\/types\/page"}],"author":[{"embeddable":true,"href":"https:\/\/www.eipas.org\/formations\/wp-json\/wp\/v2\/users\/1"}],"replies":[{"embeddable":true,"href":"https:\/\/www.eipas.org\/formations\/wp-json\/wp\/v2\/comments?post=477"}],"version-history":[{"count":2,"href":"https:\/\/www.eipas.org\/formations\/wp-json\/wp\/v2\/pages\/477\/revisions"}],"predecessor-version":[{"id":2347,"href":"https:\/\/www.eipas.org\/formations\/wp-json\/wp\/v2\/pages\/477\/revisions\/2347"}],"up":[{"embeddable":true,"href":"https:\/\/www.eipas.org\/formations\/wp-json\/wp\/v2\/pages\/480"}],"wp:attachment":[{"href":"https:\/\/www.eipas.org\/formations\/wp-json\/wp\/v2\/media?parent=477"}],"curies":[{"name":"wp","href":"https:\/\/api.w.org\/{rel}","templated":true}]}}