{"id":484,"date":"2022-02-01T12:25:14","date_gmt":"2022-02-01T11:25:14","guid":{"rendered":"https:\/\/www.eipas.org\/formations\/?page_id=484"},"modified":"2022-06-16T08:13:06","modified_gmt":"2022-06-16T06:13:06","slug":"formations-tout-public","status":"publish","type":"page","link":"https:\/\/www.eipas.org\/formations\/nos-formations\/formations-tout-public\/","title":{"rendered":"Formations tout public"},"content":{"rendered":"<div id=\"pl-484\"  class=\"panel-layout\" ><div id=\"pg-484-0\"  class=\"panel-grid panel-no-style\" ><div id=\"pgc-484-0-0\"  class=\"panel-grid-cell panel-grid-cell-mobile-last\" ><div id=\"panel-484-0-0-0\" class=\"so-panel widget widget_sow-editor panel-first-child panel-last-child\" data-index=\"0\" ><div class=\"so-widget-sow-editor so-widget-sow-editor-base\">\n<div class=\"siteorigin-widget-tinymce textwidget\">\n\t<p>Ces formations sont accessibles \u00e0 tout public en activit\u00e9 ou en retour vers le travail.<\/p>\n<p><strong>Toutes nos formations sont adaptables sur-mesure \u00e0 vos besoins tant sur le contenu, que sur la dur\u00e9e ou le format (pr\u00e9sentiel, distanciel)<\/strong><b>\u2026 <a href=\"https:\/\/www.eipas.org\/formations\/contactez-nous\/\" target=\"_blank\" rel=\"noopener\">Contactez-nous<\/a>.<\/b><\/p>\n<\/div>\n<\/div><\/div><\/div><div id=\"pgc-484-0-1\"  class=\"panel-grid-cell panel-grid-cell-empty\" ><\/div><\/div><div id=\"pg-484-1\"  class=\"panel-grid panel-no-style\" ><div id=\"pgc-484-1-0\"  class=\"panel-grid-cell panel-grid-cell-empty panel-grid-cell-mobile-last\" ><\/div><div id=\"pgc-484-1-1\"  class=\"panel-grid-cell panel-grid-cell-empty\" ><\/div><\/div><\/div>","protected":false},"excerpt":{"rendered":"<p>Ces formations sont accessibles \u00e0 tout public en activit\u00e9 ou en retour vers le travail. Toutes nos formations sont adaptables sur-mesure \u00e0 vos besoins tant sur le contenu, que sur la dur\u00e9e ou le format (pr\u00e9sentiel, distanciel)\u2026 Contactez-nous.<\/p>\n","protected":false},"author":1,"featured_media":1448,"parent":480,"menu_order":0,"comment_status":"closed","ping_status":"closed","template":"formations-public.php","meta":{"footnotes":""},"class_list":["post-484","page","type-page","status-publish","has-post-thumbnail","hentry"],"acf":[],"_links":{"self":[{"href":"https:\/\/www.eipas.org\/formations\/wp-json\/wp\/v2\/pages\/484","targetHints":{"allow":["GET"]}}],"collection":[{"href":"https:\/\/www.eipas.org\/formations\/wp-json\/wp\/v2\/pages"}],"about":[{"href":"https:\/\/www.eipas.org\/formations\/wp-json\/wp\/v2\/types\/page"}],"author":[{"embeddable":true,"href":"https:\/\/www.eipas.org\/formations\/wp-json\/wp\/v2\/users\/1"}],"replies":[{"embeddable":true,"href":"https:\/\/www.eipas.org\/formations\/wp-json\/wp\/v2\/comments?post=484"}],"version-history":[{"count":2,"href":"https:\/\/www.eipas.org\/formations\/wp-json\/wp\/v2\/pages\/484\/revisions"}],"predecessor-version":[{"id":1192,"href":"https:\/\/www.eipas.org\/formations\/wp-json\/wp\/v2\/pages\/484\/revisions\/1192"}],"up":[{"embeddable":true,"href":"https:\/\/www.eipas.org\/formations\/wp-json\/wp\/v2\/pages\/480"}],"wp:featuredmedia":[{"embeddable":true,"href":"https:\/\/www.eipas.org\/formations\/wp-json\/wp\/v2\/media\/1448"}],"wp:attachment":[{"href":"https:\/\/www.eipas.org\/formations\/wp-json\/wp\/v2\/media?parent=484"}],"curies":[{"name":"wp","href":"https:\/\/api.w.org\/{rel}","templated":true}]}}