{"id":486,"date":"2022-02-01T12:25:35","date_gmt":"2022-02-01T11:25:35","guid":{"rendered":"https:\/\/www.eipas.org\/formations\/?page_id=486"},"modified":"2022-10-24T07:06:42","modified_gmt":"2022-10-24T05:06:42","slug":"formations-preventeurs-managers","status":"publish","type":"page","link":"https:\/\/www.eipas.org\/formations\/nos-formations\/formations-preventeurs-managers\/","title":{"rendered":"Formations pr\u00e9venteurs-managers"},"content":{"rendered":"<div id=\"pl-486\"  class=\"panel-layout\" ><div id=\"pg-486-0\"  class=\"panel-grid panel-no-style\" ><div id=\"pgc-486-0-0\"  class=\"panel-grid-cell\" ><div id=\"panel-486-0-0-0\" class=\"so-panel widget widget_sow-editor panel-first-child panel-last-child\" data-index=\"0\" ><div class=\"so-widget-sow-editor so-widget-sow-editor-base\">\n<div class=\"siteorigin-widget-tinymce textwidget\">\n\t<p><strong>Toutes nos formations sont adaptables sur-mesure \u00e0 vos besoins tant sur le contenu, que sur la dur\u00e9e ou le format (pr\u00e9sentiel, distanciel)<\/strong><b>\u2026 <a href=\"https:\/\/www.eipas.org\/formations\/contactez-nous\/\" target=\"_blank\" rel=\"noopener\">Contactez-nous<\/a>.<\/b><\/p>\n<p><span style=\"color: #ff6600;\"><strong>EIPAS<\/strong> Formations aide les<strong> entreprises<\/strong> \u00e0 r\u00e9pondre \u00e0 leurs <strong>obligations l\u00e9gales<\/strong> en mati\u00e8re de formation et donne les outils n\u00e9cessaires aux <strong>r\u00e9f\u00e9rents<\/strong> pour leurs <strong>actions de pr\u00e9vention<\/strong>.\u00a0<\/span><\/p>\n<\/div>\n<\/div><\/div><\/div><\/div><\/div>","protected":false},"excerpt":{"rendered":"<p>Toutes nos formations sont adaptables sur-mesure \u00e0 vos besoins tant sur le contenu, que sur la dur\u00e9e ou le format (pr\u00e9sentiel, distanciel)\u2026 Contactez-nous. EIPAS Formations aide les entreprises \u00e0 r\u00e9pondre \u00e0 leurs obligations l\u00e9gales en mati\u00e8re de formation et donne les outils n\u00e9cessaires aux r\u00e9f\u00e9rents pour leurs actions de pr\u00e9vention.\u00a0<\/p>\n","protected":false},"author":1,"featured_media":0,"parent":480,"menu_order":0,"comment_status":"closed","ping_status":"closed","template":"formations-preventeur.php","meta":{"footnotes":""},"class_list":["post-486","page","type-page","status-publish","hentry"],"acf":[],"_links":{"self":[{"href":"https:\/\/www.eipas.org\/formations\/wp-json\/wp\/v2\/pages\/486","targetHints":{"allow":["GET"]}}],"collection":[{"href":"https:\/\/www.eipas.org\/formations\/wp-json\/wp\/v2\/pages"}],"about":[{"href":"https:\/\/www.eipas.org\/formations\/wp-json\/wp\/v2\/types\/page"}],"author":[{"embeddable":true,"href":"https:\/\/www.eipas.org\/formations\/wp-json\/wp\/v2\/users\/1"}],"replies":[{"embeddable":true,"href":"https:\/\/www.eipas.org\/formations\/wp-json\/wp\/v2\/comments?post=486"}],"version-history":[{"count":2,"href":"https:\/\/www.eipas.org\/formations\/wp-json\/wp\/v2\/pages\/486\/revisions"}],"predecessor-version":[{"id":1841,"href":"https:\/\/www.eipas.org\/formations\/wp-json\/wp\/v2\/pages\/486\/revisions\/1841"}],"up":[{"embeddable":true,"href":"https:\/\/www.eipas.org\/formations\/wp-json\/wp\/v2\/pages\/480"}],"wp:attachment":[{"href":"https:\/\/www.eipas.org\/formations\/wp-json\/wp\/v2\/media?parent=486"}],"curies":[{"name":"wp","href":"https:\/\/api.w.org\/{rel}","templated":true}]}}