{"id":504,"date":"2022-02-01T17:06:25","date_gmt":"2022-02-01T16:06:25","guid":{"rendered":"https:\/\/www.eipas.org\/formations\/?page_id=504"},"modified":"2025-09-09T11:24:37","modified_gmt":"2025-09-09T09:24:37","slug":"mentions-legales","status":"publish","type":"page","link":"https:\/\/www.eipas.org\/formations\/mentions-legales\/","title":{"rendered":"Mentions l\u00e9gales"},"content":{"rendered":"<p>Les pr\u00e9sentes Conditions G\u00e9n\u00e9rales d\u2019Utilisation, soumises au droit fran\u00e7ais, ont vocation \u00e0 r\u00e9gir l\u2019utilisation du site www.eipas.org, de tout contenu, fonctionnalit\u00e9 et service accessibles sur le site eipas.org \u00e9dit\u00e9 par la soci\u00e9t\u00e9 Eipas Formations. Le cas \u00e9ch\u00e9ant certains services accessibles par le site peuvent \u00eatre soumis \u00e0 des conditions sp\u00e9cifiques additionnelles.<\/p>\n<p>Toute utilisation du site sera r\u00e9put\u00e9e \u00eatre intervenue sur le territoire fran\u00e7ais.<\/p>\n<h2>\u00c9diteur du site :<\/h2>\n<p>EIPAS Formations<br \/>\n16E Rue Gaultier de Biauzat<br \/>\n63000 Clermont-Ferrand<\/p>\n<p>Mail : via <a href=\"https:\/\/eipas.org\/formations\/contactez-nous\/\">ce formulaire<\/a><\/p>\n<p>L\u2019Entreprise Eipas Formations est une SARL cr\u00e9\u00e9e le 20\/06\/2008 et immatricul\u00e9e \u00e0 l\u2019INSEE sous le num\u00e9ro de Siret : 504 943 705 00021. Elle est exon\u00e9r\u00e9e de TVA .<br \/>\nNum\u00e9ro d&rsquo;enregistrement de l&rsquo;organisme de formation : 83 63 03942 63<\/p>\n<h2>Directrice de Publication :<\/h2>\n<p>Ludivine HAMICI, G\u00e9rante.<br \/>\nContact via <a href=\"https:\/\/eipas.org\/formations\/contactez-nous\/\">ce formulaire<\/a><\/p>\n<h2>Cr\u00e9ation du site web :<\/h2>\n<p>RoQnWebSite<br \/>\n137B Boulevard Lafayette<br \/>\n63000 Clermont-Ferrand<br \/>\n<a href=\"https:\/\/roqnwebsite.fr\" target=\"_blank\" rel=\"noopener\">roqnwebsite.fr<\/a><\/p>\n<h2>H\u00e9bergeur du site :<\/h2>\n<p>OVH<br \/>\n63, boulevard Massena<br \/>\n75013 Paris, FRANCE<br \/>\nT\u00e9l\u00e9phone : 1007<\/p>\n<p>RCS Paris B 423 093 459<br \/>\nSAS au capital de 300 000\u20ac<\/p>\n<h2>Donn\u00e9es personnelles<\/h2>\n<p>Conform\u00e9ment \u00e0 la loi n\u00b0 78-17 du 6 janvier 1978 relative \u00e0 l\u2019informatique, aux fichiers et aux libert\u00e9s, et compte tenu de la loi du 21 juin 2004, intitul\u00e9e loi pour la confiance dans l\u2019\u00e9conomie num\u00e9rique, vous disposez d\u2019un droit d\u2019acc\u00e8s, de rectification, de modification et de suppression des donn\u00e9es personnelles que vous nous avez communiqu\u00e9es. Pour ce faire, vous pouvez nous contacter par mail via <a href=\"https:\/\/eipas.org\/formations\/contactez-nous\/\">ce formulaire<\/a>.<\/p>\n<h2>Cookies<\/h2>\n<p>L\u2019outil statistique de mesure de la fr\u00e9quentation du site est, de mani\u00e8re g\u00e9n\u00e9rale, bas\u00e9 sur la seule analyse des \u00ab logs \u00bb de connexions sur les serveurs de Eipas Formations. Toutefois, certaines pages peuvent contenir un marqueur t\u00e9moin (\u00ab cookie \u00bb). Un cookie est un fichier de taille r\u00e9duite stock\u00e9 sur votre ordinateur, utilis\u00e9 \u00e0 la fois pour faciliter votre navigation sur le site ainsi que dans un but statistique. Ces donn\u00e9es sont principalement le nombre de pages vues, de visiteurs, de visites ainsi que l\u2019activit\u00e9 des visiteurs sur notre site et leur fr\u00e9quence de retour. Ces donn\u00e9es ne sont donc pas recueillies pour nous permettre d\u2019identifier l\u2019identit\u00e9 des personnes naviguant sur le site.<\/p>\n<p>Vous \u00eates inform\u00e9 que vous pouvez vous opposer \u00e0 l\u2019enregistrement de ces \u00ab cookies \u00bb en configurant votre ordinateur selon les modalit\u00e9s d\u00e9taill\u00e9es sur le site de la CNIL : http:\/\/www.cnil.fr\/vos-droits\/vos-traces\/les-cookies\/<\/p>\n<h2>Mise en garde<\/h2>\n<p>Nous ne pouvons garantir \u00e0 100% la s\u00e9curit\u00e9 des donn\u00e9es transmises sur Internet. De plus, Eipas Formations ne saurait garantir l\u2019exactitude, la compl\u00e9tude et l\u2019actualit\u00e9 des informations diffus\u00e9es sur le site. Vous reconnaissez donc utiliser ces informations sous votre responsabilit\u00e9 exclusive. Nous mettons tout en \u0153uvre pour garantir des informations disponibles et v\u00e9rifi\u00e9es, mais ne serions \u00eatre tenus pour responsable des erreurs ou de la pr\u00e9sence de virus sur le site.<\/p>\n<h2>Liens hypertextes<\/h2>\n<p>Des liens hypertextes peuvent renvoyer vers d&rsquo;autres sites que le site de EIPAS. En aucun cas le site de EIPAS ne saurait \u00eatre tenu responsable dans le cas o\u00f9 le contenu desdits autres sites contreviendrait aux dispositions l\u00e9gales et r\u00e9glementaires en vigueur.<\/p>\n<h2>Utilisation du site<\/h2>\n<p>La responsabilit\u00e9 de EIPAS ne saurait \u00eatre directement ou indirectement retenue, \u00e0 quelque titre et pour quelque cause que ce soit :<\/p>\n<ul>\n<li>en cas d&rsquo;utilisation ill\u00e9gale et contrevenante par des utilisateurs du site des \u0153uvres de l&rsquo;esprit reproduites sur le site<\/li>\n<li>en cas d&rsquo;interruption de service du site motiv\u00e9es par des options de maintenance ou par les comportements des utilisateurs du site<\/li>\n<li>en cas d&rsquo;inaccessibilit\u00e9 et\/ou en cas d&rsquo;incapacit\u00e9 \u00e0 utiliser le site par tout utilisateur du site<\/li>\n<li>en cas de dommages d&rsquo;\u00e9quipements de toute forme que ce soit, de pertes de donn\u00e9es lors d&rsquo;une connexion sur le site de EIPAS<\/li>\n<\/ul>\n<h2>Vos obligations en tant qu\u2019utilisateur<\/h2>\n<p>Respect d\u2019autrui : En tant qu\u2019utilisateur du site, vous \u00eates tenus de respecter les l\u00e9gislations applicables, et notamment les dispositions de Loi n\u00b0 78-17 du 6 janvier 1978 relative \u00e0 l\u2019informatique, aux fichiers et aux libert\u00e9s, dont la violation est passible de sanctions p\u00e9nales. Vous devez notamment vous abstenir de toute collecte, de toute utilisation d\u00e9tourn\u00e9e, notamment des informations nominatives auxquelles vous acc\u00e9dez, et d\u2019une mani\u00e8re g\u00e9n\u00e9rale, de tout acte susceptible de porter atteinte \u00e0 la vie priv\u00e9e, \u00e0 l\u2019honneur, \u00e0 la sensibilit\u00e9, \u00e0 l\u2019image de marque, \u00e0 la notori\u00e9t\u00e9 de toute personne, physique ou morale, et notamment de Eipas Formations, en \u00e9vitant toute mention, tout message ou texte diffamant, provocant, malveillant, d\u00e9nigrant ou mena\u00e7ant, sur quelque support que ce soit.<\/p>\n<p>Respect des droits de propri\u00e9t\u00e9 intellectuelle : Toute repr\u00e9sentation totale ou partielle de ce site par quelque proc\u00e9d\u00e9 que ce soit, sans l\u2019autorisation expresse de Eipas Formations est interdite et constituerait une contrefa\u00e7on sanctionn\u00e9e, notamment de fa\u00e7on p\u00e9nale, par les articles L. 335-2 et suivants du Code de la propri\u00e9t\u00e9 intellectuelle. De m\u00eame les marques et autres signes distinctifs tels que logos et symboles figurant sur le site sont la propri\u00e9t\u00e9 de Eipas Formations ou de ses partenaires et toute utilisation par des tiers non autoris\u00e9s en est strictement interdite.<\/p>\n","protected":false},"excerpt":{"rendered":"<p>Les pr\u00e9sentes Conditions G\u00e9n\u00e9rales d\u2019Utilisation, soumises au droit fran\u00e7ais, ont vocation \u00e0 r\u00e9gir l\u2019utilisation du site www.eipas.org, de tout contenu, fonctionnalit\u00e9 et service accessibles sur le site eipas.org \u00e9dit\u00e9 par la soci\u00e9t\u00e9 Eipas Formations. Le cas \u00e9ch\u00e9ant certains services accessibles par le site peuvent \u00eatre soumis \u00e0 des conditions sp\u00e9cifiques additionnelles. Toute utilisation du site [&hellip;]<\/p>\n","protected":false},"author":1,"featured_media":0,"parent":0,"menu_order":0,"comment_status":"closed","ping_status":"closed","template":"","meta":{"footnotes":""},"class_list":["post-504","page","type-page","status-publish","hentry"],"acf":[],"_links":{"self":[{"href":"https:\/\/www.eipas.org\/formations\/wp-json\/wp\/v2\/pages\/504","targetHints":{"allow":["GET"]}}],"collection":[{"href":"https:\/\/www.eipas.org\/formations\/wp-json\/wp\/v2\/pages"}],"about":[{"href":"https:\/\/www.eipas.org\/formations\/wp-json\/wp\/v2\/types\/page"}],"author":[{"embeddable":true,"href":"https:\/\/www.eipas.org\/formations\/wp-json\/wp\/v2\/users\/1"}],"replies":[{"embeddable":true,"href":"https:\/\/www.eipas.org\/formations\/wp-json\/wp\/v2\/comments?post=504"}],"version-history":[{"count":2,"href":"https:\/\/www.eipas.org\/formations\/wp-json\/wp\/v2\/pages\/504\/revisions"}],"predecessor-version":[{"id":2306,"href":"https:\/\/www.eipas.org\/formations\/wp-json\/wp\/v2\/pages\/504\/revisions\/2306"}],"wp:attachment":[{"href":"https:\/\/www.eipas.org\/formations\/wp-json\/wp\/v2\/media?parent=504"}],"curies":[{"name":"wp","href":"https:\/\/api.w.org\/{rel}","templated":true}]}}